{"id":1051,"date":"2026-01-15T18:48:14","date_gmt":"2026-01-15T15:48:14","guid":{"rendered":"https:\/\/22bet.spot\/tm\/?page_id=1051"},"modified":"2026-04-30T14:32:18","modified_gmt":"2026-04-30T11:32:18","slug":"login","status":"publish","type":"page","link":"https:\/\/22bet.spot\/tm\/login\/","title":{"rendered":"Giri\u015f"},"content":{"rendered":"","protected":false},"excerpt":{"rendered":"","protected":false},"author":1,"featured_media":0,"parent":0,"menu_order":0,"comment_status":"closed","ping_status":"closed","template":"","meta":{"_acf_changed":false,"footnotes":""},"class_list":["post-1051","page","type-page","status-publish","hentry"],"acf":[],"yoast_head":"<!-- This site is optimized with the Yoast SEO plugin v26.7 - https:\/\/yoast.com\/wordpress\/plugins\/seo\/ -->\n<title>Girmek \u00fc\u00e7in 22Bet 2026 \u2714\ufe0f \u015eahsy hasaba girmegi\u0148 \u00fderi<\/title>\n<meta name=\"description\" content=\"22Bet hasaby\u0148yza \u00e7alt giri\u0148 \u2705 e-po\u00e7ta\/telefon, parol, 2FA we dikeltme arkaly giri\u0148. Komp\u00fduteri\u0148izden, Android \u00fda-da iOS enjamy\u0148yzdan \u00e7\u00e4klendirmeler bolmazdan pul tikmek, kazino we bonuslara el\u00fdeter edi\u0148.\" \/>\n<meta name=\"robots\" content=\"index, follow, max-snippet:-1, max-image-preview:large, max-video-preview:-1\" \/>\n<link rel=\"canonical\" href=\"https:\/\/22bet.spot\/tm\/login\/\" \/>\n<meta property=\"og:locale\" content=\"en_US\" \/>\n<meta property=\"og:type\" content=\"article\" \/>\n<meta property=\"og:title\" content=\"Girmek \u00fc\u00e7in 22Bet 2026 \u2714\ufe0f \u015eahsy hasaba girmegi\u0148 \u00fderi\" \/>\n<meta property=\"og:description\" content=\"22Bet hasaby\u0148yza \u00e7alt giri\u0148 \u2705 e-po\u00e7ta\/telefon, parol, 2FA we dikeltme arkaly giri\u0148. Komp\u00fduteri\u0148izden, Android \u00fda-da iOS enjamy\u0148yzdan \u00e7\u00e4klendirmeler bolmazdan pul tikmek, kazino we bonuslara el\u00fdeter edi\u0148.\" \/>\n<meta property=\"og:url\" content=\"https:\/\/22bet.spot\/tm\/login\/\" \/>\n<meta property=\"og:site_name\" content=\"22bet Sport TM\" \/>\n<meta property=\"article:modified_time\" content=\"2026-04-30T11:32:18+00:00\" \/>\n<meta name=\"twitter:card\" content=\"summary_large_image\" \/>\n<script type=\"application\/ld+json\" class=\"yoast-schema-graph\">{\"@context\":\"https:\/\/schema.org\",\"@graph\":[{\"@type\":\"WebPage\",\"@id\":\"https:\/\/22bet.spot\/tm\/login\/\",\"url\":\"https:\/\/22bet.spot\/tm\/login\/\",\"name\":\"Girmek \u00fc\u00e7in 22Bet 2026 \u2714\ufe0f \u015eahsy hasaba girmegi\u0148 \u00fderi\",\"isPartOf\":{\"@id\":\"https:\/\/22bet.spot\/tm\/#website\"},\"datePublished\":\"2026-01-15T15:48:14+00:00\",\"dateModified\":\"2026-04-30T11:32:18+00:00\",\"description\":\"22Bet hasaby\u0148yza \u00e7alt giri\u0148 \u2705 e-po\u00e7ta\/telefon, parol, 2FA we dikeltme arkaly giri\u0148. Komp\u00fduteri\u0148izden, Android \u00fda-da iOS enjamy\u0148yzdan \u00e7\u00e4klendirmeler bolmazdan pul tikmek, kazino we bonuslara el\u00fdeter edi\u0148.\",\"breadcrumb\":{\"@id\":\"https:\/\/22bet.spot\/tm\/login\/#breadcrumb\"},\"inLanguage\":\"en-US\",\"potentialAction\":[{\"@type\":\"ReadAction\",\"target\":[\"https:\/\/22bet.spot\/tm\/login\/\"]}]},{\"@type\":\"BreadcrumbList\",\"@id\":\"https:\/\/22bet.spot\/tm\/login\/#breadcrumb\",\"itemListElement\":[{\"@type\":\"ListItem\",\"position\":1,\"name\":\"Home\",\"item\":\"https:\/\/22bet.spot\/tm\/\"},{\"@type\":\"ListItem\",\"position\":2,\"name\":\"Giri\u015f\"}]},{\"@type\":\"WebSite\",\"@id\":\"https:\/\/22bet.spot\/tm\/#website\",\"url\":\"https:\/\/22bet.spot\/tm\/\",\"name\":\"22bet Sport TM\",\"description\":\"\",\"potentialAction\":[{\"@type\":\"SearchAction\",\"target\":{\"@type\":\"EntryPoint\",\"urlTemplate\":\"https:\/\/22bet.spot\/tm\/?s={search_term_string}\"},\"query-input\":{\"@type\":\"PropertyValueSpecification\",\"valueRequired\":true,\"valueName\":\"search_term_string\"}}],\"inLanguage\":\"en-US\"}]}<\/script>\n<!-- \/ Yoast SEO plugin. -->","yoast_head_json":{"title":"Girmek \u00fc\u00e7in 22Bet 2026 \u2714\ufe0f \u015eahsy hasaba girmegi\u0148 \u00fderi","description":"22Bet hasaby\u0148yza \u00e7alt giri\u0148 \u2705 e-po\u00e7ta\/telefon, parol, 2FA we dikeltme arkaly giri\u0148. Komp\u00fduteri\u0148izden, Android \u00fda-da iOS enjamy\u0148yzdan \u00e7\u00e4klendirmeler bolmazdan pul tikmek, kazino we bonuslara el\u00fdeter edi\u0148.","robots":{"index":"index","follow":"follow","max-snippet":"max-snippet:-1","max-image-preview":"max-image-preview:large","max-video-preview":"max-video-preview:-1"},"canonical":"https:\/\/22bet.spot\/tm\/login\/","og_locale":"en_US","og_type":"article","og_title":"Girmek \u00fc\u00e7in 22Bet 2026 \u2714\ufe0f \u015eahsy hasaba girmegi\u0148 \u00fderi","og_description":"22Bet hasaby\u0148yza \u00e7alt giri\u0148 \u2705 e-po\u00e7ta\/telefon, parol, 2FA we dikeltme arkaly giri\u0148. Komp\u00fduteri\u0148izden, Android \u00fda-da iOS enjamy\u0148yzdan \u00e7\u00e4klendirmeler bolmazdan pul tikmek, kazino we bonuslara el\u00fdeter edi\u0148.","og_url":"https:\/\/22bet.spot\/tm\/login\/","og_site_name":"22bet Sport TM","article_modified_time":"2026-04-30T11:32:18+00:00","twitter_card":"summary_large_image","schema":{"@context":"https:\/\/schema.org","@graph":[{"@type":"WebPage","@id":"https:\/\/22bet.spot\/tm\/login\/","url":"https:\/\/22bet.spot\/tm\/login\/","name":"Girmek \u00fc\u00e7in 22Bet 2026 \u2714\ufe0f \u015eahsy hasaba girmegi\u0148 \u00fderi","isPartOf":{"@id":"https:\/\/22bet.spot\/tm\/#website"},"datePublished":"2026-01-15T15:48:14+00:00","dateModified":"2026-04-30T11:32:18+00:00","description":"22Bet hasaby\u0148yza \u00e7alt giri\u0148 \u2705 e-po\u00e7ta\/telefon, parol, 2FA we dikeltme arkaly giri\u0148. Komp\u00fduteri\u0148izden, Android \u00fda-da iOS enjamy\u0148yzdan \u00e7\u00e4klendirmeler bolmazdan pul tikmek, kazino we bonuslara el\u00fdeter edi\u0148.","breadcrumb":{"@id":"https:\/\/22bet.spot\/tm\/login\/#breadcrumb"},"inLanguage":"en-US","potentialAction":[{"@type":"ReadAction","target":["https:\/\/22bet.spot\/tm\/login\/"]}]},{"@type":"BreadcrumbList","@id":"https:\/\/22bet.spot\/tm\/login\/#breadcrumb","itemListElement":[{"@type":"ListItem","position":1,"name":"Home","item":"https:\/\/22bet.spot\/tm\/"},{"@type":"ListItem","position":2,"name":"Giri\u015f"}]},{"@type":"WebSite","@id":"https:\/\/22bet.spot\/tm\/#website","url":"https:\/\/22bet.spot\/tm\/","name":"22bet Sport TM","description":"","potentialAction":[{"@type":"SearchAction","target":{"@type":"EntryPoint","urlTemplate":"https:\/\/22bet.spot\/tm\/?s={search_term_string}"},"query-input":{"@type":"PropertyValueSpecification","valueRequired":true,"valueName":"search_term_string"}}],"inLanguage":"en-US"}]}},"_links":{"self":[{"href":"https:\/\/22bet.spot\/tm\/wp-json\/wp\/v2\/pages\/1051","targetHints":{"allow":["GET"]}}],"collection":[{"href":"https:\/\/22bet.spot\/tm\/wp-json\/wp\/v2\/pages"}],"about":[{"href":"https:\/\/22bet.spot\/tm\/wp-json\/wp\/v2\/types\/page"}],"author":[{"embeddable":true,"href":"https:\/\/22bet.spot\/tm\/wp-json\/wp\/v2\/users\/1"}],"replies":[{"embeddable":true,"href":"https:\/\/22bet.spot\/tm\/wp-json\/wp\/v2\/comments?post=1051"}],"version-history":[{"count":5,"href":"https:\/\/22bet.spot\/tm\/wp-json\/wp\/v2\/pages\/1051\/revisions"}],"predecessor-version":[{"id":1220,"href":"https:\/\/22bet.spot\/tm\/wp-json\/wp\/v2\/pages\/1051\/revisions\/1220"}],"wp:attachment":[{"href":"https:\/\/22bet.spot\/tm\/wp-json\/wp\/v2\/media?parent=1051"}],"curies":[{"name":"wp","href":"https:\/\/api.w.org\/{rel}","templated":true}]}}