{"id":1084,"date":"2026-01-17T07:35:15","date_gmt":"2026-01-17T04:35:15","guid":{"rendered":"https:\/\/22bet.spot\/tm\/?page_id=1084"},"modified":"2026-04-30T15:57:34","modified_gmt":"2026-04-30T12:57:34","slug":"registration","status":"publish","type":"page","link":"https:\/\/22bet.spot\/tm\/registration\/","title":{"rendered":"Registrasi\u00fda"},"content":{"rendered":"","protected":false},"excerpt":{"rendered":"","protected":false},"author":1,"featured_media":0,"parent":0,"menu_order":0,"comment_status":"closed","ping_status":"closed","template":"","meta":{"_acf_changed":false,"footnotes":""},"class_list":["post-1084","page","type-page","status-publish","hentry"],"acf":[],"yoast_head":"<!-- This site is optimized with the Yoast SEO plugin v26.7 - https:\/\/yoast.com\/wordpress\/plugins\/seo\/ -->\n<title>22Bet hasabyny hasaba almak \u2714\ufe0f Profil d\u00f6redi\u0148 we o\u00fdna\u0148 2026<\/title>\n<meta name=\"description\" content=\"22Bet-de birn\u00e4\u00e7e minutda n\u00e4hili hasaba durmagy \u00f6wreni\u0148 \u2705 usuly\u0148yzy sa\u00fdla\u0148 (telefon, e-po\u00e7ta \u00fda-da sosial media), formany doldury\u0148, hasaby\u0148yzy tassyklany\u0148 we \u00e4hli enjamlarda pul go\u00fdmak we kazino o\u00fdunlaryna girmegi\u0148 m\u00fcmkin\u00e7iligini aly\u0148.\" \/>\n<meta name=\"robots\" content=\"index, follow, max-snippet:-1, max-image-preview:large, max-video-preview:-1\" \/>\n<link rel=\"canonical\" href=\"https:\/\/22bet.spot\/tm\/registration\/\" \/>\n<meta property=\"og:locale\" content=\"en_US\" \/>\n<meta property=\"og:type\" content=\"article\" \/>\n<meta property=\"og:title\" content=\"22Bet hasabyny hasaba almak \u2714\ufe0f Profil d\u00f6redi\u0148 we o\u00fdna\u0148 2026\" \/>\n<meta property=\"og:description\" content=\"22Bet-de birn\u00e4\u00e7e minutda n\u00e4hili hasaba durmagy \u00f6wreni\u0148 \u2705 usuly\u0148yzy sa\u00fdla\u0148 (telefon, e-po\u00e7ta \u00fda-da sosial media), formany doldury\u0148, hasaby\u0148yzy tassyklany\u0148 we \u00e4hli enjamlarda pul go\u00fdmak we kazino o\u00fdunlaryna girmegi\u0148 m\u00fcmkin\u00e7iligini aly\u0148.\" \/>\n<meta property=\"og:url\" content=\"https:\/\/22bet.spot\/tm\/registration\/\" \/>\n<meta property=\"og:site_name\" content=\"22bet Sport TM\" \/>\n<meta property=\"article:modified_time\" content=\"2026-04-30T12:57:34+00:00\" \/>\n<meta name=\"twitter:card\" content=\"summary_large_image\" \/>\n<script type=\"application\/ld+json\" class=\"yoast-schema-graph\">{\"@context\":\"https:\/\/schema.org\",\"@graph\":[{\"@type\":\"WebPage\",\"@id\":\"https:\/\/22bet.spot\/tm\/registration\/\",\"url\":\"https:\/\/22bet.spot\/tm\/registration\/\",\"name\":\"22Bet hasabyny hasaba almak \u2714\ufe0f Profil d\u00f6redi\u0148 we o\u00fdna\u0148 2026\",\"isPartOf\":{\"@id\":\"https:\/\/22bet.spot\/tm\/#website\"},\"datePublished\":\"2026-01-17T04:35:15+00:00\",\"dateModified\":\"2026-04-30T12:57:34+00:00\",\"description\":\"22Bet-de birn\u00e4\u00e7e minutda n\u00e4hili hasaba durmagy \u00f6wreni\u0148 \u2705 usuly\u0148yzy sa\u00fdla\u0148 (telefon, e-po\u00e7ta \u00fda-da sosial media), formany doldury\u0148, hasaby\u0148yzy tassyklany\u0148 we \u00e4hli enjamlarda pul go\u00fdmak we kazino o\u00fdunlaryna girmegi\u0148 m\u00fcmkin\u00e7iligini aly\u0148.\",\"breadcrumb\":{\"@id\":\"https:\/\/22bet.spot\/tm\/registration\/#breadcrumb\"},\"inLanguage\":\"en-US\",\"potentialAction\":[{\"@type\":\"ReadAction\",\"target\":[\"https:\/\/22bet.spot\/tm\/registration\/\"]}]},{\"@type\":\"BreadcrumbList\",\"@id\":\"https:\/\/22bet.spot\/tm\/registration\/#breadcrumb\",\"itemListElement\":[{\"@type\":\"ListItem\",\"position\":1,\"name\":\"Home\",\"item\":\"https:\/\/22bet.spot\/tm\/\"},{\"@type\":\"ListItem\",\"position\":2,\"name\":\"Registrasi\u00fda\"}]},{\"@type\":\"WebSite\",\"@id\":\"https:\/\/22bet.spot\/tm\/#website\",\"url\":\"https:\/\/22bet.spot\/tm\/\",\"name\":\"22bet Sport TM\",\"description\":\"\",\"potentialAction\":[{\"@type\":\"SearchAction\",\"target\":{\"@type\":\"EntryPoint\",\"urlTemplate\":\"https:\/\/22bet.spot\/tm\/?s={search_term_string}\"},\"query-input\":{\"@type\":\"PropertyValueSpecification\",\"valueRequired\":true,\"valueName\":\"search_term_string\"}}],\"inLanguage\":\"en-US\"}]}<\/script>\n<!-- \/ Yoast SEO plugin. -->","yoast_head_json":{"title":"22Bet hasabyny hasaba almak \u2714\ufe0f Profil d\u00f6redi\u0148 we o\u00fdna\u0148 2026","description":"22Bet-de birn\u00e4\u00e7e minutda n\u00e4hili hasaba durmagy \u00f6wreni\u0148 \u2705 usuly\u0148yzy sa\u00fdla\u0148 (telefon, e-po\u00e7ta \u00fda-da sosial media), formany doldury\u0148, hasaby\u0148yzy tassyklany\u0148 we \u00e4hli enjamlarda pul go\u00fdmak we kazino o\u00fdunlaryna girmegi\u0148 m\u00fcmkin\u00e7iligini aly\u0148.","robots":{"index":"index","follow":"follow","max-snippet":"max-snippet:-1","max-image-preview":"max-image-preview:large","max-video-preview":"max-video-preview:-1"},"canonical":"https:\/\/22bet.spot\/tm\/registration\/","og_locale":"en_US","og_type":"article","og_title":"22Bet hasabyny hasaba almak \u2714\ufe0f Profil d\u00f6redi\u0148 we o\u00fdna\u0148 2026","og_description":"22Bet-de birn\u00e4\u00e7e minutda n\u00e4hili hasaba durmagy \u00f6wreni\u0148 \u2705 usuly\u0148yzy sa\u00fdla\u0148 (telefon, e-po\u00e7ta \u00fda-da sosial media), formany doldury\u0148, hasaby\u0148yzy tassyklany\u0148 we \u00e4hli enjamlarda pul go\u00fdmak we kazino o\u00fdunlaryna girmegi\u0148 m\u00fcmkin\u00e7iligini aly\u0148.","og_url":"https:\/\/22bet.spot\/tm\/registration\/","og_site_name":"22bet Sport TM","article_modified_time":"2026-04-30T12:57:34+00:00","twitter_card":"summary_large_image","schema":{"@context":"https:\/\/schema.org","@graph":[{"@type":"WebPage","@id":"https:\/\/22bet.spot\/tm\/registration\/","url":"https:\/\/22bet.spot\/tm\/registration\/","name":"22Bet hasabyny hasaba almak \u2714\ufe0f Profil d\u00f6redi\u0148 we o\u00fdna\u0148 2026","isPartOf":{"@id":"https:\/\/22bet.spot\/tm\/#website"},"datePublished":"2026-01-17T04:35:15+00:00","dateModified":"2026-04-30T12:57:34+00:00","description":"22Bet-de birn\u00e4\u00e7e minutda n\u00e4hili hasaba durmagy \u00f6wreni\u0148 \u2705 usuly\u0148yzy sa\u00fdla\u0148 (telefon, e-po\u00e7ta \u00fda-da sosial media), formany doldury\u0148, hasaby\u0148yzy tassyklany\u0148 we \u00e4hli enjamlarda pul go\u00fdmak we kazino o\u00fdunlaryna girmegi\u0148 m\u00fcmkin\u00e7iligini aly\u0148.","breadcrumb":{"@id":"https:\/\/22bet.spot\/tm\/registration\/#breadcrumb"},"inLanguage":"en-US","potentialAction":[{"@type":"ReadAction","target":["https:\/\/22bet.spot\/tm\/registration\/"]}]},{"@type":"BreadcrumbList","@id":"https:\/\/22bet.spot\/tm\/registration\/#breadcrumb","itemListElement":[{"@type":"ListItem","position":1,"name":"Home","item":"https:\/\/22bet.spot\/tm\/"},{"@type":"ListItem","position":2,"name":"Registrasi\u00fda"}]},{"@type":"WebSite","@id":"https:\/\/22bet.spot\/tm\/#website","url":"https:\/\/22bet.spot\/tm\/","name":"22bet Sport TM","description":"","potentialAction":[{"@type":"SearchAction","target":{"@type":"EntryPoint","urlTemplate":"https:\/\/22bet.spot\/tm\/?s={search_term_string}"},"query-input":{"@type":"PropertyValueSpecification","valueRequired":true,"valueName":"search_term_string"}}],"inLanguage":"en-US"}]}},"_links":{"self":[{"href":"https:\/\/22bet.spot\/tm\/wp-json\/wp\/v2\/pages\/1084","targetHints":{"allow":["GET"]}}],"collection":[{"href":"https:\/\/22bet.spot\/tm\/wp-json\/wp\/v2\/pages"}],"about":[{"href":"https:\/\/22bet.spot\/tm\/wp-json\/wp\/v2\/types\/page"}],"author":[{"embeddable":true,"href":"https:\/\/22bet.spot\/tm\/wp-json\/wp\/v2\/users\/1"}],"replies":[{"embeddable":true,"href":"https:\/\/22bet.spot\/tm\/wp-json\/wp\/v2\/comments?post=1084"}],"version-history":[{"count":5,"href":"https:\/\/22bet.spot\/tm\/wp-json\/wp\/v2\/pages\/1084\/revisions"}],"predecessor-version":[{"id":1222,"href":"https:\/\/22bet.spot\/tm\/wp-json\/wp\/v2\/pages\/1084\/revisions\/1222"}],"wp:attachment":[{"href":"https:\/\/22bet.spot\/tm\/wp-json\/wp\/v2\/media?parent=1084"}],"curies":[{"name":"wp","href":"https:\/\/api.w.org\/{rel}","templated":true}]}}