{"id":932,"date":"2026-01-13T14:24:28","date_gmt":"2026-01-13T11:24:28","guid":{"rendered":"https:\/\/22bet.spot\/tm\/?page_id=932"},"modified":"2026-04-30T11:24:08","modified_gmt":"2026-04-30T08:24:08","slug":"casino","status":"publish","type":"page","link":"https:\/\/22bet.spot\/tm\/casino\/","title":{"rendered":"Kazino"},"content":{"rendered":"","protected":false},"excerpt":{"rendered":"","protected":false},"author":1,"featured_media":0,"parent":0,"menu_order":0,"comment_status":"closed","ping_status":"closed","template":"","meta":{"_acf_changed":false,"footnotes":""},"class_list":["post-932","page","type-page","status-publish","hentry"],"acf":[],"yoast_head":"<!-- This site is optimized with the Yoast SEO plugin v26.7 - https:\/\/yoast.com\/wordpress\/plugins\/seo\/ -->\n<title>22Bet Kazino 2026 \u2714\ufe0f O\u00fdunlar, bonuslar we i\u0148 gowy dyn\u00e7 aly\u015f<\/title>\n<meta name=\"description\" content=\"22Bet Kazinosynda o\u00fdna\u0148 \u2705 m\u00fc\u0148ler\u00e7e slot we g\u00f6ni o\u00fdunlar, ilkinji depoziti\u0148izde 100% gar\u015fylama bonusy we yzygiderli aksi\u00fdalar. Komp\u00fduteri\u0148izde we smartfony\u0148yzda i\u0148 gowy pul o\u00fdunlaryndan lezzet aly\u0148!\" \/>\n<meta name=\"robots\" content=\"index, follow, max-snippet:-1, max-image-preview:large, max-video-preview:-1\" \/>\n<link rel=\"canonical\" href=\"https:\/\/22bet.spot\/tm\/casino\/\" \/>\n<meta property=\"og:locale\" content=\"en_US\" \/>\n<meta property=\"og:type\" content=\"article\" \/>\n<meta property=\"og:title\" content=\"22Bet Kazino 2026 \u2714\ufe0f O\u00fdunlar, bonuslar we i\u0148 gowy dyn\u00e7 aly\u015f\" \/>\n<meta property=\"og:description\" content=\"22Bet Kazinosynda o\u00fdna\u0148 \u2705 m\u00fc\u0148ler\u00e7e slot we g\u00f6ni o\u00fdunlar, ilkinji depoziti\u0148izde 100% gar\u015fylama bonusy we yzygiderli aksi\u00fdalar. Komp\u00fduteri\u0148izde we smartfony\u0148yzda i\u0148 gowy pul o\u00fdunlaryndan lezzet aly\u0148!\" \/>\n<meta property=\"og:url\" content=\"https:\/\/22bet.spot\/tm\/casino\/\" \/>\n<meta property=\"og:site_name\" content=\"22bet Sport TM\" \/>\n<meta property=\"article:modified_time\" content=\"2026-04-30T08:24:08+00:00\" \/>\n<meta name=\"twitter:card\" content=\"summary_large_image\" \/>\n<script type=\"application\/ld+json\" class=\"yoast-schema-graph\">{\"@context\":\"https:\/\/schema.org\",\"@graph\":[{\"@type\":\"WebPage\",\"@id\":\"https:\/\/22bet.spot\/tm\/casino\/\",\"url\":\"https:\/\/22bet.spot\/tm\/casino\/\",\"name\":\"22Bet Kazino 2026 \u2714\ufe0f O\u00fdunlar, bonuslar we i\u0148 gowy dyn\u00e7 aly\u015f\",\"isPartOf\":{\"@id\":\"https:\/\/22bet.spot\/tm\/#website\"},\"datePublished\":\"2026-01-13T11:24:28+00:00\",\"dateModified\":\"2026-04-30T08:24:08+00:00\",\"description\":\"22Bet Kazinosynda o\u00fdna\u0148 \u2705 m\u00fc\u0148ler\u00e7e slot we g\u00f6ni o\u00fdunlar, ilkinji depoziti\u0148izde 100% gar\u015fylama bonusy we yzygiderli aksi\u00fdalar. Komp\u00fduteri\u0148izde we smartfony\u0148yzda i\u0148 gowy pul o\u00fdunlaryndan lezzet aly\u0148!\",\"breadcrumb\":{\"@id\":\"https:\/\/22bet.spot\/tm\/casino\/#breadcrumb\"},\"inLanguage\":\"en-US\",\"potentialAction\":[{\"@type\":\"ReadAction\",\"target\":[\"https:\/\/22bet.spot\/tm\/casino\/\"]}]},{\"@type\":\"BreadcrumbList\",\"@id\":\"https:\/\/22bet.spot\/tm\/casino\/#breadcrumb\",\"itemListElement\":[{\"@type\":\"ListItem\",\"position\":1,\"name\":\"Home\",\"item\":\"https:\/\/22bet.spot\/tm\/\"},{\"@type\":\"ListItem\",\"position\":2,\"name\":\"Kazino\"}]},{\"@type\":\"WebSite\",\"@id\":\"https:\/\/22bet.spot\/tm\/#website\",\"url\":\"https:\/\/22bet.spot\/tm\/\",\"name\":\"22bet Sport TM\",\"description\":\"\",\"potentialAction\":[{\"@type\":\"SearchAction\",\"target\":{\"@type\":\"EntryPoint\",\"urlTemplate\":\"https:\/\/22bet.spot\/tm\/?s={search_term_string}\"},\"query-input\":{\"@type\":\"PropertyValueSpecification\",\"valueRequired\":true,\"valueName\":\"search_term_string\"}}],\"inLanguage\":\"en-US\"}]}<\/script>\n<!-- \/ Yoast SEO plugin. -->","yoast_head_json":{"title":"22Bet Kazino 2026 \u2714\ufe0f O\u00fdunlar, bonuslar we i\u0148 gowy dyn\u00e7 aly\u015f","description":"22Bet Kazinosynda o\u00fdna\u0148 \u2705 m\u00fc\u0148ler\u00e7e slot we g\u00f6ni o\u00fdunlar, ilkinji depoziti\u0148izde 100% gar\u015fylama bonusy we yzygiderli aksi\u00fdalar. Komp\u00fduteri\u0148izde we smartfony\u0148yzda i\u0148 gowy pul o\u00fdunlaryndan lezzet aly\u0148!","robots":{"index":"index","follow":"follow","max-snippet":"max-snippet:-1","max-image-preview":"max-image-preview:large","max-video-preview":"max-video-preview:-1"},"canonical":"https:\/\/22bet.spot\/tm\/casino\/","og_locale":"en_US","og_type":"article","og_title":"22Bet Kazino 2026 \u2714\ufe0f O\u00fdunlar, bonuslar we i\u0148 gowy dyn\u00e7 aly\u015f","og_description":"22Bet Kazinosynda o\u00fdna\u0148 \u2705 m\u00fc\u0148ler\u00e7e slot we g\u00f6ni o\u00fdunlar, ilkinji depoziti\u0148izde 100% gar\u015fylama bonusy we yzygiderli aksi\u00fdalar. Komp\u00fduteri\u0148izde we smartfony\u0148yzda i\u0148 gowy pul o\u00fdunlaryndan lezzet aly\u0148!","og_url":"https:\/\/22bet.spot\/tm\/casino\/","og_site_name":"22bet Sport TM","article_modified_time":"2026-04-30T08:24:08+00:00","twitter_card":"summary_large_image","schema":{"@context":"https:\/\/schema.org","@graph":[{"@type":"WebPage","@id":"https:\/\/22bet.spot\/tm\/casino\/","url":"https:\/\/22bet.spot\/tm\/casino\/","name":"22Bet Kazino 2026 \u2714\ufe0f O\u00fdunlar, bonuslar we i\u0148 gowy dyn\u00e7 aly\u015f","isPartOf":{"@id":"https:\/\/22bet.spot\/tm\/#website"},"datePublished":"2026-01-13T11:24:28+00:00","dateModified":"2026-04-30T08:24:08+00:00","description":"22Bet Kazinosynda o\u00fdna\u0148 \u2705 m\u00fc\u0148ler\u00e7e slot we g\u00f6ni o\u00fdunlar, ilkinji depoziti\u0148izde 100% gar\u015fylama bonusy we yzygiderli aksi\u00fdalar. Komp\u00fduteri\u0148izde we smartfony\u0148yzda i\u0148 gowy pul o\u00fdunlaryndan lezzet aly\u0148!","breadcrumb":{"@id":"https:\/\/22bet.spot\/tm\/casino\/#breadcrumb"},"inLanguage":"en-US","potentialAction":[{"@type":"ReadAction","target":["https:\/\/22bet.spot\/tm\/casino\/"]}]},{"@type":"BreadcrumbList","@id":"https:\/\/22bet.spot\/tm\/casino\/#breadcrumb","itemListElement":[{"@type":"ListItem","position":1,"name":"Home","item":"https:\/\/22bet.spot\/tm\/"},{"@type":"ListItem","position":2,"name":"Kazino"}]},{"@type":"WebSite","@id":"https:\/\/22bet.spot\/tm\/#website","url":"https:\/\/22bet.spot\/tm\/","name":"22bet Sport TM","description":"","potentialAction":[{"@type":"SearchAction","target":{"@type":"EntryPoint","urlTemplate":"https:\/\/22bet.spot\/tm\/?s={search_term_string}"},"query-input":{"@type":"PropertyValueSpecification","valueRequired":true,"valueName":"search_term_string"}}],"inLanguage":"en-US"}]}},"_links":{"self":[{"href":"https:\/\/22bet.spot\/tm\/wp-json\/wp\/v2\/pages\/932","targetHints":{"allow":["GET"]}}],"collection":[{"href":"https:\/\/22bet.spot\/tm\/wp-json\/wp\/v2\/pages"}],"about":[{"href":"https:\/\/22bet.spot\/tm\/wp-json\/wp\/v2\/types\/page"}],"author":[{"embeddable":true,"href":"https:\/\/22bet.spot\/tm\/wp-json\/wp\/v2\/users\/1"}],"replies":[{"embeddable":true,"href":"https:\/\/22bet.spot\/tm\/wp-json\/wp\/v2\/comments?post=932"}],"version-history":[{"count":5,"href":"https:\/\/22bet.spot\/tm\/wp-json\/wp\/v2\/pages\/932\/revisions"}],"predecessor-version":[{"id":1217,"href":"https:\/\/22bet.spot\/tm\/wp-json\/wp\/v2\/pages\/932\/revisions\/1217"}],"wp:attachment":[{"href":"https:\/\/22bet.spot\/tm\/wp-json\/wp\/v2\/media?parent=932"}],"curies":[{"name":"wp","href":"https:\/\/api.w.org\/{rel}","templated":true}]}}