{"id":1004,"date":"2026-01-14T19:50:51","date_gmt":"2026-01-14T16:50:51","guid":{"rendered":"https:\/\/22bet.spot\/vi\/?page_id=1004"},"modified":"2026-05-12T15:34:00","modified_gmt":"2026-05-12T12:34:00","slug":"bonus","status":"publish","type":"page","link":"https:\/\/22bet.spot\/vi\/bonus\/","title":{"rendered":"Ph\u1ea7n th\u01b0\u1edfng"},"content":{"rendered":"","protected":false},"excerpt":{"rendered":"","protected":false},"author":1,"featured_media":0,"parent":0,"menu_order":0,"comment_status":"closed","ping_status":"closed","template":"","meta":{"_acf_changed":false,"footnotes":""},"class_list":["post-1004","page","type-page","status-publish","hentry"],"acf":[],"yoast_head":"<!-- This site is optimized with the Yoast SEO plugin v26.7 - https:\/\/yoast.com\/wordpress\/plugins\/seo\/ -->\n<title>Ti\u1ec1n th\u01b0\u1edfng t\u1ea1i 22Bet 2026 \u2714\ufe0f Ch\u01b0\u01a1ng tr\u00ecnh khuy\u1ebfn m\u00e3i, \u01b0u \u0111\u00e3i v\u00e0 ph\u1ea7n th\u01b0\u1edfng<\/title>\n<meta name=\"description\" content=\"T\u00ecm hi\u1ec3u m\u1ecdi th\u00f4ng tin v\u1ec1 c\u00e1c ch\u01b0\u01a1ng tr\u00ecnh khuy\u1ebfn m\u00e3i c\u1ee7a 22Bet \u2705 Ti\u1ec1n th\u01b0\u1edfng ch\u00e0o m\u1eebng 100% cho c\u00e1 c\u01b0\u1ee3c th\u1ec3 thao v\u00e0 s\u00f2ng b\u1ea1c, ho\u00e0n ti\u1ec1n h\u00e0ng tu\u1ea7n, c\u01b0\u1ee3c mi\u1ec5n ph\u00ed v\u00e0 c\u00e1c ch\u01b0\u01a1ng tr\u00ecnh khuy\u1ebfn m\u00e3i \u0111\u1ed9c quy\u1ec1n d\u00e0nh cho ng\u01b0\u1eddi ch\u01a1i th\u01b0\u1eddng xuy\u00ean. H\u00e3y k\u00edch ho\u1ea1t ngay nh\u1eefng \u01b0u \u0111\u00e3i h\u1ea5p d\u1eabn n\u00e0y h\u00f4m nay!\" \/>\n<meta name=\"robots\" content=\"index, follow, max-snippet:-1, max-image-preview:large, max-video-preview:-1\" \/>\n<link rel=\"canonical\" href=\"https:\/\/22bet.spot\/vi\/bonus\/\" \/>\n<meta property=\"og:locale\" content=\"vi_VN\" \/>\n<meta property=\"og:type\" content=\"article\" \/>\n<meta property=\"og:title\" content=\"Ti\u1ec1n th\u01b0\u1edfng t\u1ea1i 22Bet 2026 \u2714\ufe0f Ch\u01b0\u01a1ng tr\u00ecnh khuy\u1ebfn m\u00e3i, \u01b0u \u0111\u00e3i v\u00e0 ph\u1ea7n th\u01b0\u1edfng\" \/>\n<meta property=\"og:description\" content=\"T\u00ecm hi\u1ec3u m\u1ecdi th\u00f4ng tin v\u1ec1 c\u00e1c ch\u01b0\u01a1ng tr\u00ecnh khuy\u1ebfn m\u00e3i c\u1ee7a 22Bet \u2705 Ti\u1ec1n th\u01b0\u1edfng ch\u00e0o m\u1eebng 100% cho c\u00e1 c\u01b0\u1ee3c th\u1ec3 thao v\u00e0 s\u00f2ng b\u1ea1c, ho\u00e0n ti\u1ec1n h\u00e0ng tu\u1ea7n, c\u01b0\u1ee3c mi\u1ec5n ph\u00ed v\u00e0 c\u00e1c ch\u01b0\u01a1ng tr\u00ecnh khuy\u1ebfn m\u00e3i \u0111\u1ed9c quy\u1ec1n d\u00e0nh cho ng\u01b0\u1eddi ch\u01a1i th\u01b0\u1eddng xuy\u00ean. H\u00e3y k\u00edch ho\u1ea1t ngay nh\u1eefng \u01b0u \u0111\u00e3i h\u1ea5p d\u1eabn n\u00e0y h\u00f4m nay!\" \/>\n<meta property=\"og:url\" content=\"https:\/\/22bet.spot\/vi\/bonus\/\" \/>\n<meta property=\"og:site_name\" content=\"22Bet Spot VN\" \/>\n<meta property=\"article:modified_time\" content=\"2026-05-12T12:34:00+00:00\" \/>\n<meta name=\"twitter:card\" content=\"summary_large_image\" \/>\n<script type=\"application\/ld+json\" class=\"yoast-schema-graph\">{\"@context\":\"https:\/\/schema.org\",\"@graph\":[{\"@type\":\"WebPage\",\"@id\":\"https:\/\/22bet.spot\/vi\/bonus\/\",\"url\":\"https:\/\/22bet.spot\/vi\/bonus\/\",\"name\":\"Ti\u1ec1n th\u01b0\u1edfng t\u1ea1i 22Bet 2026 \u2714\ufe0f Ch\u01b0\u01a1ng tr\u00ecnh khuy\u1ebfn m\u00e3i, \u01b0u \u0111\u00e3i v\u00e0 ph\u1ea7n th\u01b0\u1edfng\",\"isPartOf\":{\"@id\":\"https:\/\/22bet.spot\/vi\/#website\"},\"datePublished\":\"2026-01-14T16:50:51+00:00\",\"dateModified\":\"2026-05-12T12:34:00+00:00\",\"description\":\"T\u00ecm hi\u1ec3u m\u1ecdi th\u00f4ng tin v\u1ec1 c\u00e1c ch\u01b0\u01a1ng tr\u00ecnh khuy\u1ebfn m\u00e3i c\u1ee7a 22Bet \u2705 Ti\u1ec1n th\u01b0\u1edfng ch\u00e0o m\u1eebng 100% cho c\u00e1 c\u01b0\u1ee3c th\u1ec3 thao v\u00e0 s\u00f2ng b\u1ea1c, ho\u00e0n ti\u1ec1n h\u00e0ng tu\u1ea7n, c\u01b0\u1ee3c mi\u1ec5n ph\u00ed v\u00e0 c\u00e1c ch\u01b0\u01a1ng tr\u00ecnh khuy\u1ebfn m\u00e3i \u0111\u1ed9c quy\u1ec1n d\u00e0nh cho ng\u01b0\u1eddi ch\u01a1i th\u01b0\u1eddng xuy\u00ean. H\u00e3y k\u00edch ho\u1ea1t ngay nh\u1eefng \u01b0u \u0111\u00e3i h\u1ea5p d\u1eabn n\u00e0y h\u00f4m nay!\",\"breadcrumb\":{\"@id\":\"https:\/\/22bet.spot\/vi\/bonus\/#breadcrumb\"},\"inLanguage\":\"vi\",\"potentialAction\":[{\"@type\":\"ReadAction\",\"target\":[\"https:\/\/22bet.spot\/vi\/bonus\/\"]}]},{\"@type\":\"BreadcrumbList\",\"@id\":\"https:\/\/22bet.spot\/vi\/bonus\/#breadcrumb\",\"itemListElement\":[{\"@type\":\"ListItem\",\"position\":1,\"name\":\"Home\",\"item\":\"https:\/\/22bet.spot\/vi\/\"},{\"@type\":\"ListItem\",\"position\":2,\"name\":\"Ph\u1ea7n th\u01b0\u1edfng\"}]},{\"@type\":\"WebSite\",\"@id\":\"https:\/\/22bet.spot\/vi\/#website\",\"url\":\"https:\/\/22bet.spot\/vi\/\",\"name\":\"22Bet Spot VN\",\"description\":\"\",\"potentialAction\":[{\"@type\":\"SearchAction\",\"target\":{\"@type\":\"EntryPoint\",\"urlTemplate\":\"https:\/\/22bet.spot\/vi\/?s={search_term_string}\"},\"query-input\":{\"@type\":\"PropertyValueSpecification\",\"valueRequired\":true,\"valueName\":\"search_term_string\"}}],\"inLanguage\":\"vi\"}]}<\/script>\n<!-- \/ Yoast SEO plugin. -->","yoast_head_json":{"title":"Ti\u1ec1n th\u01b0\u1edfng t\u1ea1i 22Bet 2026 \u2714\ufe0f Ch\u01b0\u01a1ng tr\u00ecnh khuy\u1ebfn m\u00e3i, \u01b0u \u0111\u00e3i v\u00e0 ph\u1ea7n th\u01b0\u1edfng","description":"T\u00ecm hi\u1ec3u m\u1ecdi th\u00f4ng tin v\u1ec1 c\u00e1c ch\u01b0\u01a1ng tr\u00ecnh khuy\u1ebfn m\u00e3i c\u1ee7a 22Bet \u2705 Ti\u1ec1n th\u01b0\u1edfng ch\u00e0o m\u1eebng 100% cho c\u00e1 c\u01b0\u1ee3c th\u1ec3 thao v\u00e0 s\u00f2ng b\u1ea1c, ho\u00e0n ti\u1ec1n h\u00e0ng tu\u1ea7n, c\u01b0\u1ee3c mi\u1ec5n ph\u00ed v\u00e0 c\u00e1c ch\u01b0\u01a1ng tr\u00ecnh khuy\u1ebfn m\u00e3i \u0111\u1ed9c quy\u1ec1n d\u00e0nh cho ng\u01b0\u1eddi ch\u01a1i th\u01b0\u1eddng xuy\u00ean. H\u00e3y k\u00edch ho\u1ea1t ngay nh\u1eefng \u01b0u \u0111\u00e3i h\u1ea5p d\u1eabn n\u00e0y h\u00f4m nay!","robots":{"index":"index","follow":"follow","max-snippet":"max-snippet:-1","max-image-preview":"max-image-preview:large","max-video-preview":"max-video-preview:-1"},"canonical":"https:\/\/22bet.spot\/vi\/bonus\/","og_locale":"vi_VN","og_type":"article","og_title":"Ti\u1ec1n th\u01b0\u1edfng t\u1ea1i 22Bet 2026 \u2714\ufe0f Ch\u01b0\u01a1ng tr\u00ecnh khuy\u1ebfn m\u00e3i, \u01b0u \u0111\u00e3i v\u00e0 ph\u1ea7n th\u01b0\u1edfng","og_description":"T\u00ecm hi\u1ec3u m\u1ecdi th\u00f4ng tin v\u1ec1 c\u00e1c ch\u01b0\u01a1ng tr\u00ecnh khuy\u1ebfn m\u00e3i c\u1ee7a 22Bet \u2705 Ti\u1ec1n th\u01b0\u1edfng ch\u00e0o m\u1eebng 100% cho c\u00e1 c\u01b0\u1ee3c th\u1ec3 thao v\u00e0 s\u00f2ng b\u1ea1c, ho\u00e0n ti\u1ec1n h\u00e0ng tu\u1ea7n, c\u01b0\u1ee3c mi\u1ec5n ph\u00ed v\u00e0 c\u00e1c ch\u01b0\u01a1ng tr\u00ecnh khuy\u1ebfn m\u00e3i \u0111\u1ed9c quy\u1ec1n d\u00e0nh cho ng\u01b0\u1eddi ch\u01a1i th\u01b0\u1eddng xuy\u00ean. H\u00e3y k\u00edch ho\u1ea1t ngay nh\u1eefng \u01b0u \u0111\u00e3i h\u1ea5p d\u1eabn n\u00e0y h\u00f4m nay!","og_url":"https:\/\/22bet.spot\/vi\/bonus\/","og_site_name":"22Bet Spot VN","article_modified_time":"2026-05-12T12:34:00+00:00","twitter_card":"summary_large_image","schema":{"@context":"https:\/\/schema.org","@graph":[{"@type":"WebPage","@id":"https:\/\/22bet.spot\/vi\/bonus\/","url":"https:\/\/22bet.spot\/vi\/bonus\/","name":"Ti\u1ec1n th\u01b0\u1edfng t\u1ea1i 22Bet 2026 \u2714\ufe0f Ch\u01b0\u01a1ng tr\u00ecnh khuy\u1ebfn m\u00e3i, \u01b0u \u0111\u00e3i v\u00e0 ph\u1ea7n th\u01b0\u1edfng","isPartOf":{"@id":"https:\/\/22bet.spot\/vi\/#website"},"datePublished":"2026-01-14T16:50:51+00:00","dateModified":"2026-05-12T12:34:00+00:00","description":"T\u00ecm hi\u1ec3u m\u1ecdi th\u00f4ng tin v\u1ec1 c\u00e1c ch\u01b0\u01a1ng tr\u00ecnh khuy\u1ebfn m\u00e3i c\u1ee7a 22Bet \u2705 Ti\u1ec1n th\u01b0\u1edfng ch\u00e0o m\u1eebng 100% cho c\u00e1 c\u01b0\u1ee3c th\u1ec3 thao v\u00e0 s\u00f2ng b\u1ea1c, ho\u00e0n ti\u1ec1n h\u00e0ng tu\u1ea7n, c\u01b0\u1ee3c mi\u1ec5n ph\u00ed v\u00e0 c\u00e1c ch\u01b0\u01a1ng tr\u00ecnh khuy\u1ebfn m\u00e3i \u0111\u1ed9c quy\u1ec1n d\u00e0nh cho ng\u01b0\u1eddi ch\u01a1i th\u01b0\u1eddng xuy\u00ean. H\u00e3y k\u00edch ho\u1ea1t ngay nh\u1eefng \u01b0u \u0111\u00e3i h\u1ea5p d\u1eabn n\u00e0y h\u00f4m nay!","breadcrumb":{"@id":"https:\/\/22bet.spot\/vi\/bonus\/#breadcrumb"},"inLanguage":"vi","potentialAction":[{"@type":"ReadAction","target":["https:\/\/22bet.spot\/vi\/bonus\/"]}]},{"@type":"BreadcrumbList","@id":"https:\/\/22bet.spot\/vi\/bonus\/#breadcrumb","itemListElement":[{"@type":"ListItem","position":1,"name":"Home","item":"https:\/\/22bet.spot\/vi\/"},{"@type":"ListItem","position":2,"name":"Ph\u1ea7n th\u01b0\u1edfng"}]},{"@type":"WebSite","@id":"https:\/\/22bet.spot\/vi\/#website","url":"https:\/\/22bet.spot\/vi\/","name":"22Bet Spot VN","description":"","potentialAction":[{"@type":"SearchAction","target":{"@type":"EntryPoint","urlTemplate":"https:\/\/22bet.spot\/vi\/?s={search_term_string}"},"query-input":{"@type":"PropertyValueSpecification","valueRequired":true,"valueName":"search_term_string"}}],"inLanguage":"vi"}]}},"_links":{"self":[{"href":"https:\/\/22bet.spot\/vi\/wp-json\/wp\/v2\/pages\/1004","targetHints":{"allow":["GET"]}}],"collection":[{"href":"https:\/\/22bet.spot\/vi\/wp-json\/wp\/v2\/pages"}],"about":[{"href":"https:\/\/22bet.spot\/vi\/wp-json\/wp\/v2\/types\/page"}],"author":[{"embeddable":true,"href":"https:\/\/22bet.spot\/vi\/wp-json\/wp\/v2\/users\/1"}],"replies":[{"embeddable":true,"href":"https:\/\/22bet.spot\/vi\/wp-json\/wp\/v2\/comments?post=1004"}],"version-history":[{"count":5,"href":"https:\/\/22bet.spot\/vi\/wp-json\/wp\/v2\/pages\/1004\/revisions"}],"predecessor-version":[{"id":1213,"href":"https:\/\/22bet.spot\/vi\/wp-json\/wp\/v2\/pages\/1004\/revisions\/1213"}],"wp:attachment":[{"href":"https:\/\/22bet.spot\/vi\/wp-json\/wp\/v2\/media?parent=1004"}],"curies":[{"name":"wp","href":"https:\/\/api.w.org\/{rel}","templated":true}]}}