{"id":1031,"date":"2026-01-15T13:09:51","date_gmt":"2026-01-15T10:09:51","guid":{"rendered":"https:\/\/22bet.spot\/vi\/?page_id=1031"},"modified":"2026-05-12T17:48:25","modified_gmt":"2026-05-12T14:48:25","slug":"promo-code","status":"publish","type":"page","link":"https:\/\/22bet.spot\/vi\/promo-code\/","title":{"rendered":"M\u00e3 khuy\u1ebfn m\u00e3i"},"content":{"rendered":"","protected":false},"excerpt":{"rendered":"","protected":false},"author":1,"featured_media":0,"parent":0,"menu_order":0,"comment_status":"closed","ping_status":"closed","template":"","meta":{"_acf_changed":false,"footnotes":""},"class_list":["post-1031","page","type-page","status-publish","hentry"],"acf":[],"yoast_head":"<!-- This site is optimized with the Yoast SEO plugin v26.7 - https:\/\/yoast.com\/wordpress\/plugins\/seo\/ -->\n<title>M\u00e3 khuy\u1ebfn m\u00e3i 22Bet 2026 \u2705 Ti\u1ec1n th\u01b0\u1edfng, v\u00f2ng quay mi\u1ec5n ph\u00ed v\u00e0 ho\u00e0n ti\u1ec1n<\/title>\n<meta name=\"description\" content=\"T\u00ecm hi\u1ec3u c\u00e1ch s\u1eed d\u1ee5ng m\u00e3 khuy\u1ebfn m\u00e3i 22Bet \u2714\ufe0f \u0111\u1ec3 nh\u1eadn c\u00e1c ph\u1ea7n th\u01b0\u1edfng \u0111\u1ed9c quy\u1ec1n, v\u00f2ng quay mi\u1ec5n ph\u00ed, ti\u1ec1n th\u01b0\u1edfng n\u1ea1p l\u1ea1i v\u00e0 t\u1ef7 l\u1ec7 ho\u00e0n ti\u1ec1n cao h\u01a1n. K\u00edch ho\u1ea1t c\u00e1c m\u00e3 b\u00ed m\u1eadt v\u00e0 t\u1eadn h\u01b0\u1edfng nhi\u1ec1u \u01b0u \u0111\u00e3i h\u01a1n t\u1eeb tr\u00f2 ch\u01a1i!\" \/>\n<meta name=\"robots\" content=\"index, follow, max-snippet:-1, max-image-preview:large, max-video-preview:-1\" \/>\n<link rel=\"canonical\" href=\"https:\/\/22bet.spot\/vi\/promo-code\/\" \/>\n<meta property=\"og:locale\" content=\"vi_VN\" \/>\n<meta property=\"og:type\" content=\"article\" \/>\n<meta property=\"og:title\" content=\"M\u00e3 khuy\u1ebfn m\u00e3i 22Bet 2026 \u2705 Ti\u1ec1n th\u01b0\u1edfng, v\u00f2ng quay mi\u1ec5n ph\u00ed v\u00e0 ho\u00e0n ti\u1ec1n\" \/>\n<meta property=\"og:description\" content=\"T\u00ecm hi\u1ec3u c\u00e1ch s\u1eed d\u1ee5ng m\u00e3 khuy\u1ebfn m\u00e3i 22Bet \u2714\ufe0f \u0111\u1ec3 nh\u1eadn c\u00e1c ph\u1ea7n th\u01b0\u1edfng \u0111\u1ed9c quy\u1ec1n, v\u00f2ng quay mi\u1ec5n ph\u00ed, ti\u1ec1n th\u01b0\u1edfng n\u1ea1p l\u1ea1i v\u00e0 t\u1ef7 l\u1ec7 ho\u00e0n ti\u1ec1n cao h\u01a1n. K\u00edch ho\u1ea1t c\u00e1c m\u00e3 b\u00ed m\u1eadt v\u00e0 t\u1eadn h\u01b0\u1edfng nhi\u1ec1u \u01b0u \u0111\u00e3i h\u01a1n t\u1eeb tr\u00f2 ch\u01a1i!\" \/>\n<meta property=\"og:url\" content=\"https:\/\/22bet.spot\/vi\/promo-code\/\" \/>\n<meta property=\"og:site_name\" content=\"22Bet Spot VN\" \/>\n<meta property=\"article:modified_time\" content=\"2026-05-12T14:48:25+00:00\" \/>\n<meta name=\"twitter:card\" content=\"summary_large_image\" \/>\n<script type=\"application\/ld+json\" class=\"yoast-schema-graph\">{\"@context\":\"https:\/\/schema.org\",\"@graph\":[{\"@type\":\"WebPage\",\"@id\":\"https:\/\/22bet.spot\/vi\/promo-code\/\",\"url\":\"https:\/\/22bet.spot\/vi\/promo-code\/\",\"name\":\"M\u00e3 khuy\u1ebfn m\u00e3i 22Bet 2026 \u2705 Ti\u1ec1n th\u01b0\u1edfng, v\u00f2ng quay mi\u1ec5n ph\u00ed v\u00e0 ho\u00e0n ti\u1ec1n\",\"isPartOf\":{\"@id\":\"https:\/\/22bet.spot\/vi\/#website\"},\"datePublished\":\"2026-01-15T10:09:51+00:00\",\"dateModified\":\"2026-05-12T14:48:25+00:00\",\"description\":\"T\u00ecm hi\u1ec3u c\u00e1ch s\u1eed d\u1ee5ng m\u00e3 khuy\u1ebfn m\u00e3i 22Bet \u2714\ufe0f \u0111\u1ec3 nh\u1eadn c\u00e1c ph\u1ea7n th\u01b0\u1edfng \u0111\u1ed9c quy\u1ec1n, v\u00f2ng quay mi\u1ec5n ph\u00ed, ti\u1ec1n th\u01b0\u1edfng n\u1ea1p l\u1ea1i v\u00e0 t\u1ef7 l\u1ec7 ho\u00e0n ti\u1ec1n cao h\u01a1n. K\u00edch ho\u1ea1t c\u00e1c m\u00e3 b\u00ed m\u1eadt v\u00e0 t\u1eadn h\u01b0\u1edfng nhi\u1ec1u \u01b0u \u0111\u00e3i h\u01a1n t\u1eeb tr\u00f2 ch\u01a1i!\",\"breadcrumb\":{\"@id\":\"https:\/\/22bet.spot\/vi\/promo-code\/#breadcrumb\"},\"inLanguage\":\"vi\",\"potentialAction\":[{\"@type\":\"ReadAction\",\"target\":[\"https:\/\/22bet.spot\/vi\/promo-code\/\"]}]},{\"@type\":\"BreadcrumbList\",\"@id\":\"https:\/\/22bet.spot\/vi\/promo-code\/#breadcrumb\",\"itemListElement\":[{\"@type\":\"ListItem\",\"position\":1,\"name\":\"Home\",\"item\":\"https:\/\/22bet.spot\/vi\/\"},{\"@type\":\"ListItem\",\"position\":2,\"name\":\"M\u00e3 khuy\u1ebfn m\u00e3i\"}]},{\"@type\":\"WebSite\",\"@id\":\"https:\/\/22bet.spot\/vi\/#website\",\"url\":\"https:\/\/22bet.spot\/vi\/\",\"name\":\"22Bet Spot VN\",\"description\":\"\",\"potentialAction\":[{\"@type\":\"SearchAction\",\"target\":{\"@type\":\"EntryPoint\",\"urlTemplate\":\"https:\/\/22bet.spot\/vi\/?s={search_term_string}\"},\"query-input\":{\"@type\":\"PropertyValueSpecification\",\"valueRequired\":true,\"valueName\":\"search_term_string\"}}],\"inLanguage\":\"vi\"}]}<\/script>\n<!-- \/ Yoast SEO plugin. -->","yoast_head_json":{"title":"M\u00e3 khuy\u1ebfn m\u00e3i 22Bet 2026 \u2705 Ti\u1ec1n th\u01b0\u1edfng, v\u00f2ng quay mi\u1ec5n ph\u00ed v\u00e0 ho\u00e0n ti\u1ec1n","description":"T\u00ecm hi\u1ec3u c\u00e1ch s\u1eed d\u1ee5ng m\u00e3 khuy\u1ebfn m\u00e3i 22Bet \u2714\ufe0f \u0111\u1ec3 nh\u1eadn c\u00e1c ph\u1ea7n th\u01b0\u1edfng \u0111\u1ed9c quy\u1ec1n, v\u00f2ng quay mi\u1ec5n ph\u00ed, ti\u1ec1n th\u01b0\u1edfng n\u1ea1p l\u1ea1i v\u00e0 t\u1ef7 l\u1ec7 ho\u00e0n ti\u1ec1n cao h\u01a1n. K\u00edch ho\u1ea1t c\u00e1c m\u00e3 b\u00ed m\u1eadt v\u00e0 t\u1eadn h\u01b0\u1edfng nhi\u1ec1u \u01b0u \u0111\u00e3i h\u01a1n t\u1eeb tr\u00f2 ch\u01a1i!","robots":{"index":"index","follow":"follow","max-snippet":"max-snippet:-1","max-image-preview":"max-image-preview:large","max-video-preview":"max-video-preview:-1"},"canonical":"https:\/\/22bet.spot\/vi\/promo-code\/","og_locale":"vi_VN","og_type":"article","og_title":"M\u00e3 khuy\u1ebfn m\u00e3i 22Bet 2026 \u2705 Ti\u1ec1n th\u01b0\u1edfng, v\u00f2ng quay mi\u1ec5n ph\u00ed v\u00e0 ho\u00e0n ti\u1ec1n","og_description":"T\u00ecm hi\u1ec3u c\u00e1ch s\u1eed d\u1ee5ng m\u00e3 khuy\u1ebfn m\u00e3i 22Bet \u2714\ufe0f \u0111\u1ec3 nh\u1eadn c\u00e1c ph\u1ea7n th\u01b0\u1edfng \u0111\u1ed9c quy\u1ec1n, v\u00f2ng quay mi\u1ec5n ph\u00ed, ti\u1ec1n th\u01b0\u1edfng n\u1ea1p l\u1ea1i v\u00e0 t\u1ef7 l\u1ec7 ho\u00e0n ti\u1ec1n cao h\u01a1n. K\u00edch ho\u1ea1t c\u00e1c m\u00e3 b\u00ed m\u1eadt v\u00e0 t\u1eadn h\u01b0\u1edfng nhi\u1ec1u \u01b0u \u0111\u00e3i h\u01a1n t\u1eeb tr\u00f2 ch\u01a1i!","og_url":"https:\/\/22bet.spot\/vi\/promo-code\/","og_site_name":"22Bet Spot VN","article_modified_time":"2026-05-12T14:48:25+00:00","twitter_card":"summary_large_image","schema":{"@context":"https:\/\/schema.org","@graph":[{"@type":"WebPage","@id":"https:\/\/22bet.spot\/vi\/promo-code\/","url":"https:\/\/22bet.spot\/vi\/promo-code\/","name":"M\u00e3 khuy\u1ebfn m\u00e3i 22Bet 2026 \u2705 Ti\u1ec1n th\u01b0\u1edfng, v\u00f2ng quay mi\u1ec5n ph\u00ed v\u00e0 ho\u00e0n ti\u1ec1n","isPartOf":{"@id":"https:\/\/22bet.spot\/vi\/#website"},"datePublished":"2026-01-15T10:09:51+00:00","dateModified":"2026-05-12T14:48:25+00:00","description":"T\u00ecm hi\u1ec3u c\u00e1ch s\u1eed d\u1ee5ng m\u00e3 khuy\u1ebfn m\u00e3i 22Bet \u2714\ufe0f \u0111\u1ec3 nh\u1eadn c\u00e1c ph\u1ea7n th\u01b0\u1edfng \u0111\u1ed9c quy\u1ec1n, v\u00f2ng quay mi\u1ec5n ph\u00ed, ti\u1ec1n th\u01b0\u1edfng n\u1ea1p l\u1ea1i v\u00e0 t\u1ef7 l\u1ec7 ho\u00e0n ti\u1ec1n cao h\u01a1n. K\u00edch ho\u1ea1t c\u00e1c m\u00e3 b\u00ed m\u1eadt v\u00e0 t\u1eadn h\u01b0\u1edfng nhi\u1ec1u \u01b0u \u0111\u00e3i h\u01a1n t\u1eeb tr\u00f2 ch\u01a1i!","breadcrumb":{"@id":"https:\/\/22bet.spot\/vi\/promo-code\/#breadcrumb"},"inLanguage":"vi","potentialAction":[{"@type":"ReadAction","target":["https:\/\/22bet.spot\/vi\/promo-code\/"]}]},{"@type":"BreadcrumbList","@id":"https:\/\/22bet.spot\/vi\/promo-code\/#breadcrumb","itemListElement":[{"@type":"ListItem","position":1,"name":"Home","item":"https:\/\/22bet.spot\/vi\/"},{"@type":"ListItem","position":2,"name":"M\u00e3 khuy\u1ebfn m\u00e3i"}]},{"@type":"WebSite","@id":"https:\/\/22bet.spot\/vi\/#website","url":"https:\/\/22bet.spot\/vi\/","name":"22Bet Spot VN","description":"","potentialAction":[{"@type":"SearchAction","target":{"@type":"EntryPoint","urlTemplate":"https:\/\/22bet.spot\/vi\/?s={search_term_string}"},"query-input":{"@type":"PropertyValueSpecification","valueRequired":true,"valueName":"search_term_string"}}],"inLanguage":"vi"}]}},"_links":{"self":[{"href":"https:\/\/22bet.spot\/vi\/wp-json\/wp\/v2\/pages\/1031","targetHints":{"allow":["GET"]}}],"collection":[{"href":"https:\/\/22bet.spot\/vi\/wp-json\/wp\/v2\/pages"}],"about":[{"href":"https:\/\/22bet.spot\/vi\/wp-json\/wp\/v2\/types\/page"}],"author":[{"embeddable":true,"href":"https:\/\/22bet.spot\/vi\/wp-json\/wp\/v2\/users\/1"}],"replies":[{"embeddable":true,"href":"https:\/\/22bet.spot\/vi\/wp-json\/wp\/v2\/comments?post=1031"}],"version-history":[{"count":5,"href":"https:\/\/22bet.spot\/vi\/wp-json\/wp\/v2\/pages\/1031\/revisions"}],"predecessor-version":[{"id":1219,"href":"https:\/\/22bet.spot\/vi\/wp-json\/wp\/v2\/pages\/1031\/revisions\/1219"}],"wp:attachment":[{"href":"https:\/\/22bet.spot\/vi\/wp-json\/wp\/v2\/media?parent=1031"}],"curies":[{"name":"wp","href":"https:\/\/api.w.org\/{rel}","templated":true}]}}