{"id":1051,"date":"2026-01-15T18:48:14","date_gmt":"2026-01-15T15:48:14","guid":{"rendered":"https:\/\/22bet.spot\/vi\/?page_id=1051"},"modified":"2026-05-12T17:08:32","modified_gmt":"2026-05-12T14:08:32","slug":"login","status":"publish","type":"page","link":"https:\/\/22bet.spot\/vi\/login\/","title":{"rendered":"\u0110\u0103ng nh\u1eadp"},"content":{"rendered":"","protected":false},"excerpt":{"rendered":"","protected":false},"author":1,"featured_media":0,"parent":0,"menu_order":0,"comment_status":"closed","ping_status":"closed","template":"","meta":{"_acf_changed":false,"footnotes":""},"class_list":["post-1051","page","type-page","status-publish","hentry"],"acf":[],"yoast_head":"<!-- This site is optimized with the Yoast SEO plugin v26.7 - https:\/\/yoast.com\/wordpress\/plugins\/seo\/ -->\n<title>\u0110\u0103ng nh\u1eadp v\u00e0o 22Bet 2026 \u2714\ufe0f Truy c\u1eadp t\u00e0i kho\u1ea3n c\u00e1 nh\u00e2n t\u1eeb b\u1ea5t k\u1ef3 thi\u1ebft b\u1ecb n\u00e0o<\/title>\n<meta name=\"description\" content=\"\u0110\u0103ng nh\u1eadp nhanh v\u00e0o t\u00e0i kho\u1ea3n 22Bet c\u1ee7a b\u1ea1n \u2705 \u0110\u0103ng nh\u1eadp b\u1eb1ng email\/s\u1ed1 \u0111i\u1ec7n tho\u1ea1i, m\u1eadt kh\u1ea9u, x\u00e1c th\u1ef1c hai y\u1ebfu t\u1ed1 (2FA) v\u00e0 kh\u00f4i ph\u1ee5c t\u00e0i kho\u1ea3n. Truy c\u1eadp c\u00e1c d\u1ecbch v\u1ee5 c\u00e1 c\u01b0\u1ee3c, s\u00f2ng b\u1ea1c v\u00e0 khuy\u1ebfn m\u00e3i t\u1eeb m\u00e1y t\u00ednh, thi\u1ebft b\u1ecb Android ho\u1eb7c iOS m\u00e0 kh\u00f4ng c\u00f3 b\u1ea5t k\u1ef3 h\u1ea1n ch\u1ebf n\u00e0o.\" \/>\n<meta name=\"robots\" content=\"index, follow, max-snippet:-1, max-image-preview:large, max-video-preview:-1\" \/>\n<link rel=\"canonical\" href=\"https:\/\/22bet.spot\/vi\/login\/\" \/>\n<meta property=\"og:locale\" content=\"vi_VN\" \/>\n<meta property=\"og:type\" content=\"article\" \/>\n<meta property=\"og:title\" content=\"\u0110\u0103ng nh\u1eadp v\u00e0o 22Bet 2026 \u2714\ufe0f Truy c\u1eadp t\u00e0i kho\u1ea3n c\u00e1 nh\u00e2n t\u1eeb b\u1ea5t k\u1ef3 thi\u1ebft b\u1ecb n\u00e0o\" \/>\n<meta property=\"og:description\" content=\"\u0110\u0103ng nh\u1eadp nhanh v\u00e0o t\u00e0i kho\u1ea3n 22Bet c\u1ee7a b\u1ea1n \u2705 \u0110\u0103ng nh\u1eadp b\u1eb1ng email\/s\u1ed1 \u0111i\u1ec7n tho\u1ea1i, m\u1eadt kh\u1ea9u, x\u00e1c th\u1ef1c hai y\u1ebfu t\u1ed1 (2FA) v\u00e0 kh\u00f4i ph\u1ee5c t\u00e0i kho\u1ea3n. Truy c\u1eadp c\u00e1c d\u1ecbch v\u1ee5 c\u00e1 c\u01b0\u1ee3c, s\u00f2ng b\u1ea1c v\u00e0 khuy\u1ebfn m\u00e3i t\u1eeb m\u00e1y t\u00ednh, thi\u1ebft b\u1ecb Android ho\u1eb7c iOS m\u00e0 kh\u00f4ng c\u00f3 b\u1ea5t k\u1ef3 h\u1ea1n ch\u1ebf n\u00e0o.\" \/>\n<meta property=\"og:url\" content=\"https:\/\/22bet.spot\/vi\/login\/\" \/>\n<meta property=\"og:site_name\" content=\"22Bet Spot VN\" \/>\n<meta property=\"article:modified_time\" content=\"2026-05-12T14:08:32+00:00\" \/>\n<meta name=\"twitter:card\" content=\"summary_large_image\" \/>\n<script type=\"application\/ld+json\" class=\"yoast-schema-graph\">{\"@context\":\"https:\/\/schema.org\",\"@graph\":[{\"@type\":\"WebPage\",\"@id\":\"https:\/\/22bet.spot\/vi\/login\/\",\"url\":\"https:\/\/22bet.spot\/vi\/login\/\",\"name\":\"\u0110\u0103ng nh\u1eadp v\u00e0o 22Bet 2026 \u2714\ufe0f Truy c\u1eadp t\u00e0i kho\u1ea3n c\u00e1 nh\u00e2n t\u1eeb b\u1ea5t k\u1ef3 thi\u1ebft b\u1ecb n\u00e0o\",\"isPartOf\":{\"@id\":\"https:\/\/22bet.spot\/vi\/#website\"},\"datePublished\":\"2026-01-15T15:48:14+00:00\",\"dateModified\":\"2026-05-12T14:08:32+00:00\",\"description\":\"\u0110\u0103ng nh\u1eadp nhanh v\u00e0o t\u00e0i kho\u1ea3n 22Bet c\u1ee7a b\u1ea1n \u2705 \u0110\u0103ng nh\u1eadp b\u1eb1ng email\/s\u1ed1 \u0111i\u1ec7n tho\u1ea1i, m\u1eadt kh\u1ea9u, x\u00e1c th\u1ef1c hai y\u1ebfu t\u1ed1 (2FA) v\u00e0 kh\u00f4i ph\u1ee5c t\u00e0i kho\u1ea3n. Truy c\u1eadp c\u00e1c d\u1ecbch v\u1ee5 c\u00e1 c\u01b0\u1ee3c, s\u00f2ng b\u1ea1c v\u00e0 khuy\u1ebfn m\u00e3i t\u1eeb m\u00e1y t\u00ednh, thi\u1ebft b\u1ecb Android ho\u1eb7c iOS m\u00e0 kh\u00f4ng c\u00f3 b\u1ea5t k\u1ef3 h\u1ea1n ch\u1ebf n\u00e0o.\",\"breadcrumb\":{\"@id\":\"https:\/\/22bet.spot\/vi\/login\/#breadcrumb\"},\"inLanguage\":\"vi\",\"potentialAction\":[{\"@type\":\"ReadAction\",\"target\":[\"https:\/\/22bet.spot\/vi\/login\/\"]}]},{\"@type\":\"BreadcrumbList\",\"@id\":\"https:\/\/22bet.spot\/vi\/login\/#breadcrumb\",\"itemListElement\":[{\"@type\":\"ListItem\",\"position\":1,\"name\":\"Home\",\"item\":\"https:\/\/22bet.spot\/vi\/\"},{\"@type\":\"ListItem\",\"position\":2,\"name\":\"\u0110\u0103ng nh\u1eadp\"}]},{\"@type\":\"WebSite\",\"@id\":\"https:\/\/22bet.spot\/vi\/#website\",\"url\":\"https:\/\/22bet.spot\/vi\/\",\"name\":\"22Bet Spot VN\",\"description\":\"\",\"potentialAction\":[{\"@type\":\"SearchAction\",\"target\":{\"@type\":\"EntryPoint\",\"urlTemplate\":\"https:\/\/22bet.spot\/vi\/?s={search_term_string}\"},\"query-input\":{\"@type\":\"PropertyValueSpecification\",\"valueRequired\":true,\"valueName\":\"search_term_string\"}}],\"inLanguage\":\"vi\"}]}<\/script>\n<!-- \/ Yoast SEO plugin. -->","yoast_head_json":{"title":"\u0110\u0103ng nh\u1eadp v\u00e0o 22Bet 2026 \u2714\ufe0f Truy c\u1eadp t\u00e0i kho\u1ea3n c\u00e1 nh\u00e2n t\u1eeb b\u1ea5t k\u1ef3 thi\u1ebft b\u1ecb n\u00e0o","description":"\u0110\u0103ng nh\u1eadp nhanh v\u00e0o t\u00e0i kho\u1ea3n 22Bet c\u1ee7a b\u1ea1n \u2705 \u0110\u0103ng nh\u1eadp b\u1eb1ng email\/s\u1ed1 \u0111i\u1ec7n tho\u1ea1i, m\u1eadt kh\u1ea9u, x\u00e1c th\u1ef1c hai y\u1ebfu t\u1ed1 (2FA) v\u00e0 kh\u00f4i ph\u1ee5c t\u00e0i kho\u1ea3n. Truy c\u1eadp c\u00e1c d\u1ecbch v\u1ee5 c\u00e1 c\u01b0\u1ee3c, s\u00f2ng b\u1ea1c v\u00e0 khuy\u1ebfn m\u00e3i t\u1eeb m\u00e1y t\u00ednh, thi\u1ebft b\u1ecb Android ho\u1eb7c iOS m\u00e0 kh\u00f4ng c\u00f3 b\u1ea5t k\u1ef3 h\u1ea1n ch\u1ebf n\u00e0o.","robots":{"index":"index","follow":"follow","max-snippet":"max-snippet:-1","max-image-preview":"max-image-preview:large","max-video-preview":"max-video-preview:-1"},"canonical":"https:\/\/22bet.spot\/vi\/login\/","og_locale":"vi_VN","og_type":"article","og_title":"\u0110\u0103ng nh\u1eadp v\u00e0o 22Bet 2026 \u2714\ufe0f Truy c\u1eadp t\u00e0i kho\u1ea3n c\u00e1 nh\u00e2n t\u1eeb b\u1ea5t k\u1ef3 thi\u1ebft b\u1ecb n\u00e0o","og_description":"\u0110\u0103ng nh\u1eadp nhanh v\u00e0o t\u00e0i kho\u1ea3n 22Bet c\u1ee7a b\u1ea1n \u2705 \u0110\u0103ng nh\u1eadp b\u1eb1ng email\/s\u1ed1 \u0111i\u1ec7n tho\u1ea1i, m\u1eadt kh\u1ea9u, x\u00e1c th\u1ef1c hai y\u1ebfu t\u1ed1 (2FA) v\u00e0 kh\u00f4i ph\u1ee5c t\u00e0i kho\u1ea3n. Truy c\u1eadp c\u00e1c d\u1ecbch v\u1ee5 c\u00e1 c\u01b0\u1ee3c, s\u00f2ng b\u1ea1c v\u00e0 khuy\u1ebfn m\u00e3i t\u1eeb m\u00e1y t\u00ednh, thi\u1ebft b\u1ecb Android ho\u1eb7c iOS m\u00e0 kh\u00f4ng c\u00f3 b\u1ea5t k\u1ef3 h\u1ea1n ch\u1ebf n\u00e0o.","og_url":"https:\/\/22bet.spot\/vi\/login\/","og_site_name":"22Bet Spot VN","article_modified_time":"2026-05-12T14:08:32+00:00","twitter_card":"summary_large_image","schema":{"@context":"https:\/\/schema.org","@graph":[{"@type":"WebPage","@id":"https:\/\/22bet.spot\/vi\/login\/","url":"https:\/\/22bet.spot\/vi\/login\/","name":"\u0110\u0103ng nh\u1eadp v\u00e0o 22Bet 2026 \u2714\ufe0f Truy c\u1eadp t\u00e0i kho\u1ea3n c\u00e1 nh\u00e2n t\u1eeb b\u1ea5t k\u1ef3 thi\u1ebft b\u1ecb n\u00e0o","isPartOf":{"@id":"https:\/\/22bet.spot\/vi\/#website"},"datePublished":"2026-01-15T15:48:14+00:00","dateModified":"2026-05-12T14:08:32+00:00","description":"\u0110\u0103ng nh\u1eadp nhanh v\u00e0o t\u00e0i kho\u1ea3n 22Bet c\u1ee7a b\u1ea1n \u2705 \u0110\u0103ng nh\u1eadp b\u1eb1ng email\/s\u1ed1 \u0111i\u1ec7n tho\u1ea1i, m\u1eadt kh\u1ea9u, x\u00e1c th\u1ef1c hai y\u1ebfu t\u1ed1 (2FA) v\u00e0 kh\u00f4i ph\u1ee5c t\u00e0i kho\u1ea3n. Truy c\u1eadp c\u00e1c d\u1ecbch v\u1ee5 c\u00e1 c\u01b0\u1ee3c, s\u00f2ng b\u1ea1c v\u00e0 khuy\u1ebfn m\u00e3i t\u1eeb m\u00e1y t\u00ednh, thi\u1ebft b\u1ecb Android ho\u1eb7c iOS m\u00e0 kh\u00f4ng c\u00f3 b\u1ea5t k\u1ef3 h\u1ea1n ch\u1ebf n\u00e0o.","breadcrumb":{"@id":"https:\/\/22bet.spot\/vi\/login\/#breadcrumb"},"inLanguage":"vi","potentialAction":[{"@type":"ReadAction","target":["https:\/\/22bet.spot\/vi\/login\/"]}]},{"@type":"BreadcrumbList","@id":"https:\/\/22bet.spot\/vi\/login\/#breadcrumb","itemListElement":[{"@type":"ListItem","position":1,"name":"Home","item":"https:\/\/22bet.spot\/vi\/"},{"@type":"ListItem","position":2,"name":"\u0110\u0103ng nh\u1eadp"}]},{"@type":"WebSite","@id":"https:\/\/22bet.spot\/vi\/#website","url":"https:\/\/22bet.spot\/vi\/","name":"22Bet Spot VN","description":"","potentialAction":[{"@type":"SearchAction","target":{"@type":"EntryPoint","urlTemplate":"https:\/\/22bet.spot\/vi\/?s={search_term_string}"},"query-input":{"@type":"PropertyValueSpecification","valueRequired":true,"valueName":"search_term_string"}}],"inLanguage":"vi"}]}},"_links":{"self":[{"href":"https:\/\/22bet.spot\/vi\/wp-json\/wp\/v2\/pages\/1051","targetHints":{"allow":["GET"]}}],"collection":[{"href":"https:\/\/22bet.spot\/vi\/wp-json\/wp\/v2\/pages"}],"about":[{"href":"https:\/\/22bet.spot\/vi\/wp-json\/wp\/v2\/types\/page"}],"author":[{"embeddable":true,"href":"https:\/\/22bet.spot\/vi\/wp-json\/wp\/v2\/users\/1"}],"replies":[{"embeddable":true,"href":"https:\/\/22bet.spot\/vi\/wp-json\/wp\/v2\/comments?post=1051"}],"version-history":[{"count":5,"href":"https:\/\/22bet.spot\/vi\/wp-json\/wp\/v2\/pages\/1051\/revisions"}],"predecessor-version":[{"id":1218,"href":"https:\/\/22bet.spot\/vi\/wp-json\/wp\/v2\/pages\/1051\/revisions\/1218"}],"wp:attachment":[{"href":"https:\/\/22bet.spot\/vi\/wp-json\/wp\/v2\/media?parent=1051"}],"curies":[{"name":"wp","href":"https:\/\/api.w.org\/{rel}","templated":true}]}}