{"id":1084,"date":"2026-01-17T07:35:15","date_gmt":"2026-01-17T04:35:15","guid":{"rendered":"https:\/\/22bet.spot\/vi\/?page_id=1084"},"modified":"2026-05-12T18:09:44","modified_gmt":"2026-05-12T15:09:44","slug":"registration","status":"publish","type":"page","link":"https:\/\/22bet.spot\/vi\/registration\/","title":{"rendered":"\u0110\u0103ng k\u00fd"},"content":{"rendered":"","protected":false},"excerpt":{"rendered":"","protected":false},"author":1,"featured_media":0,"parent":0,"menu_order":0,"comment_status":"closed","ping_status":"closed","template":"","meta":{"_acf_changed":false,"footnotes":""},"class_list":["post-1084","page","type-page","status-publish","hentry"],"acf":[],"yoast_head":"<!-- This site is optimized with the Yoast SEO plugin v26.7 - https:\/\/yoast.com\/wordpress\/plugins\/seo\/ -->\n<title>\u0110\u0103ng k\u00fd t\u00e0i kho\u1ea3n 22Bet \u2714\ufe0f T\u1ea1o h\u1ed3 s\u01a1 v\u00e0 tham gia ch\u01a1i 2026<\/title>\n<meta name=\"description\" content=\"T\u00ecm hi\u1ec3u c\u00e1ch \u0111\u0103ng k\u00fd t\u00e0i kho\u1ea3n t\u1ea1i 22Bet ch\u1ec9 trong v\u00e0i ph\u00fat \u2705 ch\u1ecdn ph\u01b0\u01a1ng th\u1ee9c (\u0111i\u1ec7n tho\u1ea1i, email ho\u1eb7c m\u1ea1ng x\u00e3 h\u1ed9i), \u0111i\u1ec1n v\u00e0o bi\u1ec3u m\u1eabu, x\u00e1c nh\u1eadn t\u00e0i kho\u1ea3n v\u00e0 truy c\u1eadp c\u00e1c tr\u00f2 ch\u01a1i c\u00e1 c\u01b0\u1ee3c v\u00e0 s\u00f2ng b\u1ea1c tr\u00ean m\u1ecdi thi\u1ebft b\u1ecb.\" \/>\n<meta name=\"robots\" content=\"index, follow, max-snippet:-1, max-image-preview:large, max-video-preview:-1\" \/>\n<link rel=\"canonical\" href=\"https:\/\/22bet.spot\/vi\/registration\/\" \/>\n<meta property=\"og:locale\" content=\"vi_VN\" \/>\n<meta property=\"og:type\" content=\"article\" \/>\n<meta property=\"og:title\" content=\"\u0110\u0103ng k\u00fd t\u00e0i kho\u1ea3n 22Bet \u2714\ufe0f T\u1ea1o h\u1ed3 s\u01a1 v\u00e0 tham gia ch\u01a1i 2026\" \/>\n<meta property=\"og:description\" content=\"T\u00ecm hi\u1ec3u c\u00e1ch \u0111\u0103ng k\u00fd t\u00e0i kho\u1ea3n t\u1ea1i 22Bet ch\u1ec9 trong v\u00e0i ph\u00fat \u2705 ch\u1ecdn ph\u01b0\u01a1ng th\u1ee9c (\u0111i\u1ec7n tho\u1ea1i, email ho\u1eb7c m\u1ea1ng x\u00e3 h\u1ed9i), \u0111i\u1ec1n v\u00e0o bi\u1ec3u m\u1eabu, x\u00e1c nh\u1eadn t\u00e0i kho\u1ea3n v\u00e0 truy c\u1eadp c\u00e1c tr\u00f2 ch\u01a1i c\u00e1 c\u01b0\u1ee3c v\u00e0 s\u00f2ng b\u1ea1c tr\u00ean m\u1ecdi thi\u1ebft b\u1ecb.\" \/>\n<meta property=\"og:url\" content=\"https:\/\/22bet.spot\/vi\/registration\/\" \/>\n<meta property=\"og:site_name\" content=\"22Bet Spot VN\" \/>\n<meta property=\"article:modified_time\" content=\"2026-05-12T15:09:44+00:00\" \/>\n<meta name=\"twitter:card\" content=\"summary_large_image\" \/>\n<script type=\"application\/ld+json\" class=\"yoast-schema-graph\">{\"@context\":\"https:\/\/schema.org\",\"@graph\":[{\"@type\":\"WebPage\",\"@id\":\"https:\/\/22bet.spot\/vi\/registration\/\",\"url\":\"https:\/\/22bet.spot\/vi\/registration\/\",\"name\":\"\u0110\u0103ng k\u00fd t\u00e0i kho\u1ea3n 22Bet \u2714\ufe0f T\u1ea1o h\u1ed3 s\u01a1 v\u00e0 tham gia ch\u01a1i 2026\",\"isPartOf\":{\"@id\":\"https:\/\/22bet.spot\/vi\/#website\"},\"datePublished\":\"2026-01-17T04:35:15+00:00\",\"dateModified\":\"2026-05-12T15:09:44+00:00\",\"description\":\"T\u00ecm hi\u1ec3u c\u00e1ch \u0111\u0103ng k\u00fd t\u00e0i kho\u1ea3n t\u1ea1i 22Bet ch\u1ec9 trong v\u00e0i ph\u00fat \u2705 ch\u1ecdn ph\u01b0\u01a1ng th\u1ee9c (\u0111i\u1ec7n tho\u1ea1i, email ho\u1eb7c m\u1ea1ng x\u00e3 h\u1ed9i), \u0111i\u1ec1n v\u00e0o bi\u1ec3u m\u1eabu, x\u00e1c nh\u1eadn t\u00e0i kho\u1ea3n v\u00e0 truy c\u1eadp c\u00e1c tr\u00f2 ch\u01a1i c\u00e1 c\u01b0\u1ee3c v\u00e0 s\u00f2ng b\u1ea1c tr\u00ean m\u1ecdi thi\u1ebft b\u1ecb.\",\"breadcrumb\":{\"@id\":\"https:\/\/22bet.spot\/vi\/registration\/#breadcrumb\"},\"inLanguage\":\"vi\",\"potentialAction\":[{\"@type\":\"ReadAction\",\"target\":[\"https:\/\/22bet.spot\/vi\/registration\/\"]}]},{\"@type\":\"BreadcrumbList\",\"@id\":\"https:\/\/22bet.spot\/vi\/registration\/#breadcrumb\",\"itemListElement\":[{\"@type\":\"ListItem\",\"position\":1,\"name\":\"Home\",\"item\":\"https:\/\/22bet.spot\/vi\/\"},{\"@type\":\"ListItem\",\"position\":2,\"name\":\"\u0110\u0103ng k\u00fd\"}]},{\"@type\":\"WebSite\",\"@id\":\"https:\/\/22bet.spot\/vi\/#website\",\"url\":\"https:\/\/22bet.spot\/vi\/\",\"name\":\"22Bet Spot VN\",\"description\":\"\",\"potentialAction\":[{\"@type\":\"SearchAction\",\"target\":{\"@type\":\"EntryPoint\",\"urlTemplate\":\"https:\/\/22bet.spot\/vi\/?s={search_term_string}\"},\"query-input\":{\"@type\":\"PropertyValueSpecification\",\"valueRequired\":true,\"valueName\":\"search_term_string\"}}],\"inLanguage\":\"vi\"}]}<\/script>\n<!-- \/ Yoast SEO plugin. -->","yoast_head_json":{"title":"\u0110\u0103ng k\u00fd t\u00e0i kho\u1ea3n 22Bet \u2714\ufe0f T\u1ea1o h\u1ed3 s\u01a1 v\u00e0 tham gia ch\u01a1i 2026","description":"T\u00ecm hi\u1ec3u c\u00e1ch \u0111\u0103ng k\u00fd t\u00e0i kho\u1ea3n t\u1ea1i 22Bet ch\u1ec9 trong v\u00e0i ph\u00fat \u2705 ch\u1ecdn ph\u01b0\u01a1ng th\u1ee9c (\u0111i\u1ec7n tho\u1ea1i, email ho\u1eb7c m\u1ea1ng x\u00e3 h\u1ed9i), \u0111i\u1ec1n v\u00e0o bi\u1ec3u m\u1eabu, x\u00e1c nh\u1eadn t\u00e0i kho\u1ea3n v\u00e0 truy c\u1eadp c\u00e1c tr\u00f2 ch\u01a1i c\u00e1 c\u01b0\u1ee3c v\u00e0 s\u00f2ng b\u1ea1c tr\u00ean m\u1ecdi thi\u1ebft b\u1ecb.","robots":{"index":"index","follow":"follow","max-snippet":"max-snippet:-1","max-image-preview":"max-image-preview:large","max-video-preview":"max-video-preview:-1"},"canonical":"https:\/\/22bet.spot\/vi\/registration\/","og_locale":"vi_VN","og_type":"article","og_title":"\u0110\u0103ng k\u00fd t\u00e0i kho\u1ea3n 22Bet \u2714\ufe0f T\u1ea1o h\u1ed3 s\u01a1 v\u00e0 tham gia ch\u01a1i 2026","og_description":"T\u00ecm hi\u1ec3u c\u00e1ch \u0111\u0103ng k\u00fd t\u00e0i kho\u1ea3n t\u1ea1i 22Bet ch\u1ec9 trong v\u00e0i ph\u00fat \u2705 ch\u1ecdn ph\u01b0\u01a1ng th\u1ee9c (\u0111i\u1ec7n tho\u1ea1i, email ho\u1eb7c m\u1ea1ng x\u00e3 h\u1ed9i), \u0111i\u1ec1n v\u00e0o bi\u1ec3u m\u1eabu, x\u00e1c nh\u1eadn t\u00e0i kho\u1ea3n v\u00e0 truy c\u1eadp c\u00e1c tr\u00f2 ch\u01a1i c\u00e1 c\u01b0\u1ee3c v\u00e0 s\u00f2ng b\u1ea1c tr\u00ean m\u1ecdi thi\u1ebft b\u1ecb.","og_url":"https:\/\/22bet.spot\/vi\/registration\/","og_site_name":"22Bet Spot VN","article_modified_time":"2026-05-12T15:09:44+00:00","twitter_card":"summary_large_image","schema":{"@context":"https:\/\/schema.org","@graph":[{"@type":"WebPage","@id":"https:\/\/22bet.spot\/vi\/registration\/","url":"https:\/\/22bet.spot\/vi\/registration\/","name":"\u0110\u0103ng k\u00fd t\u00e0i kho\u1ea3n 22Bet \u2714\ufe0f T\u1ea1o h\u1ed3 s\u01a1 v\u00e0 tham gia ch\u01a1i 2026","isPartOf":{"@id":"https:\/\/22bet.spot\/vi\/#website"},"datePublished":"2026-01-17T04:35:15+00:00","dateModified":"2026-05-12T15:09:44+00:00","description":"T\u00ecm hi\u1ec3u c\u00e1ch \u0111\u0103ng k\u00fd t\u00e0i kho\u1ea3n t\u1ea1i 22Bet ch\u1ec9 trong v\u00e0i ph\u00fat \u2705 ch\u1ecdn ph\u01b0\u01a1ng th\u1ee9c (\u0111i\u1ec7n tho\u1ea1i, email ho\u1eb7c m\u1ea1ng x\u00e3 h\u1ed9i), \u0111i\u1ec1n v\u00e0o bi\u1ec3u m\u1eabu, x\u00e1c nh\u1eadn t\u00e0i kho\u1ea3n v\u00e0 truy c\u1eadp c\u00e1c tr\u00f2 ch\u01a1i c\u00e1 c\u01b0\u1ee3c v\u00e0 s\u00f2ng b\u1ea1c tr\u00ean m\u1ecdi thi\u1ebft b\u1ecb.","breadcrumb":{"@id":"https:\/\/22bet.spot\/vi\/registration\/#breadcrumb"},"inLanguage":"vi","potentialAction":[{"@type":"ReadAction","target":["https:\/\/22bet.spot\/vi\/registration\/"]}]},{"@type":"BreadcrumbList","@id":"https:\/\/22bet.spot\/vi\/registration\/#breadcrumb","itemListElement":[{"@type":"ListItem","position":1,"name":"Home","item":"https:\/\/22bet.spot\/vi\/"},{"@type":"ListItem","position":2,"name":"\u0110\u0103ng k\u00fd"}]},{"@type":"WebSite","@id":"https:\/\/22bet.spot\/vi\/#website","url":"https:\/\/22bet.spot\/vi\/","name":"22Bet Spot VN","description":"","potentialAction":[{"@type":"SearchAction","target":{"@type":"EntryPoint","urlTemplate":"https:\/\/22bet.spot\/vi\/?s={search_term_string}"},"query-input":{"@type":"PropertyValueSpecification","valueRequired":true,"valueName":"search_term_string"}}],"inLanguage":"vi"}]}},"_links":{"self":[{"href":"https:\/\/22bet.spot\/vi\/wp-json\/wp\/v2\/pages\/1084","targetHints":{"allow":["GET"]}}],"collection":[{"href":"https:\/\/22bet.spot\/vi\/wp-json\/wp\/v2\/pages"}],"about":[{"href":"https:\/\/22bet.spot\/vi\/wp-json\/wp\/v2\/types\/page"}],"author":[{"embeddable":true,"href":"https:\/\/22bet.spot\/vi\/wp-json\/wp\/v2\/users\/1"}],"replies":[{"embeddable":true,"href":"https:\/\/22bet.spot\/vi\/wp-json\/wp\/v2\/comments?post=1084"}],"version-history":[{"count":5,"href":"https:\/\/22bet.spot\/vi\/wp-json\/wp\/v2\/pages\/1084\/revisions"}],"predecessor-version":[{"id":1220,"href":"https:\/\/22bet.spot\/vi\/wp-json\/wp\/v2\/pages\/1084\/revisions\/1220"}],"wp:attachment":[{"href":"https:\/\/22bet.spot\/vi\/wp-json\/wp\/v2\/media?parent=1084"}],"curies":[{"name":"wp","href":"https:\/\/api.w.org\/{rel}","templated":true}]}}