{"id":2,"date":"2025-08-22T14:28:47","date_gmt":"2025-08-22T11:28:47","guid":{"rendered":"https:\/\/22bet.spot\/vi\/?page_id=2"},"modified":"2026-05-12T16:51:55","modified_gmt":"2026-05-12T13:51:55","slug":"home","status":"publish","type":"page","link":"https:\/\/22bet.spot\/vi\/","title":{"rendered":"Trang ch\u1ee7"},"content":{"rendered":"","protected":false},"excerpt":{"rendered":"","protected":false},"author":1,"featured_media":0,"parent":0,"menu_order":0,"comment_status":"closed","ping_status":"closed","template":"","meta":{"_acf_changed":false,"footnotes":""},"class_list":["post-2","page","type-page","status-publish","hentry"],"acf":[],"yoast_head":"<!-- This site is optimized with the Yoast SEO plugin v26.7 - https:\/\/yoast.com\/wordpress\/plugins\/seo\/ -->\n<title>Nh\u00e0 c\u00e1i v\u00e0 s\u00f2ng b\u1ea1c 22Bet | Ti\u1ec1n th\u01b0\u1edfng 100% l\u00ean \u0111\u1ebfn 3 800 000 VND<\/title>\n<meta name=\"description\" content=\"22Bet l\u00e0 m\u1ed9t n\u1ec1n t\u1ea3ng c\u00e1 c\u01b0\u1ee3c uy t\u00edn, t\u1eb7ng 100% ti\u1ec1n th\u01b0\u1edfng cho l\u1ea7n n\u1ea1p ti\u1ec1n \u0111\u1ea7u ti\u00ean, t\u1ed1i \u0111a 3 800 000 VND. N\u1ec1n t\u1ea3ng n\u00e0y cung c\u1ea5p \u0111a d\u1ea1ng c\u00e1c m\u00f4n th\u1ec3 thao, tr\u00f2 ch\u01a1i s\u00f2ng b\u1ea1c v\u00e0 c\u00e1 c\u01b0\u1ee3c, c\u00f9ng v\u1edbi h\u1ec7 th\u1ed1ng thanh to\u00e1n an to\u00e0n v\u00e0 d\u1ecbch v\u1ee5 h\u1ed7 tr\u1ee3 kh\u00e1ch h\u00e0ng 24\/7!\" \/>\n<meta name=\"robots\" content=\"index, follow, max-snippet:-1, max-image-preview:large, max-video-preview:-1\" \/>\n<link rel=\"canonical\" href=\"https:\/\/22bet.spot\/vi\/\" \/>\n<meta property=\"og:locale\" content=\"vi_VN\" \/>\n<meta property=\"og:type\" content=\"article\" \/>\n<meta property=\"og:title\" content=\"Nh\u00e0 c\u00e1i v\u00e0 s\u00f2ng b\u1ea1c 22Bet | Ti\u1ec1n th\u01b0\u1edfng 100% l\u00ean \u0111\u1ebfn 3 800 000 VND\" \/>\n<meta property=\"og:description\" content=\"22Bet l\u00e0 m\u1ed9t n\u1ec1n t\u1ea3ng c\u00e1 c\u01b0\u1ee3c uy t\u00edn, t\u1eb7ng 100% ti\u1ec1n th\u01b0\u1edfng cho l\u1ea7n n\u1ea1p ti\u1ec1n \u0111\u1ea7u ti\u00ean, t\u1ed1i \u0111a 3 800 000 VND. N\u1ec1n t\u1ea3ng n\u00e0y cung c\u1ea5p \u0111a d\u1ea1ng c\u00e1c m\u00f4n th\u1ec3 thao, tr\u00f2 ch\u01a1i s\u00f2ng b\u1ea1c v\u00e0 c\u00e1 c\u01b0\u1ee3c, c\u00f9ng v\u1edbi h\u1ec7 th\u1ed1ng thanh to\u00e1n an to\u00e0n v\u00e0 d\u1ecbch v\u1ee5 h\u1ed7 tr\u1ee3 kh\u00e1ch h\u00e0ng 24\/7!\" \/>\n<meta property=\"og:url\" content=\"https:\/\/22bet.spot\/vi\/\" \/>\n<meta property=\"og:site_name\" content=\"22Bet Spot VN\" \/>\n<meta property=\"article:modified_time\" content=\"2026-05-12T13:51:55+00:00\" \/>\n<meta name=\"twitter:card\" content=\"summary_large_image\" \/>\n<script type=\"application\/ld+json\" class=\"yoast-schema-graph\">{\"@context\":\"https:\/\/schema.org\",\"@graph\":[{\"@type\":\"WebPage\",\"@id\":\"https:\/\/22bet.spot\/vi\/\",\"url\":\"https:\/\/22bet.spot\/vi\/\",\"name\":\"Nh\u00e0 c\u00e1i v\u00e0 s\u00f2ng b\u1ea1c 22Bet | Ti\u1ec1n th\u01b0\u1edfng 100% l\u00ean \u0111\u1ebfn 3 800 000 VND\",\"isPartOf\":{\"@id\":\"https:\/\/22bet.spot\/vi\/#website\"},\"datePublished\":\"2025-08-22T11:28:47+00:00\",\"dateModified\":\"2026-05-12T13:51:55+00:00\",\"description\":\"22Bet l\u00e0 m\u1ed9t n\u1ec1n t\u1ea3ng c\u00e1 c\u01b0\u1ee3c uy t\u00edn, t\u1eb7ng 100% ti\u1ec1n th\u01b0\u1edfng cho l\u1ea7n n\u1ea1p ti\u1ec1n \u0111\u1ea7u ti\u00ean, t\u1ed1i \u0111a 3 800 000 VND. N\u1ec1n t\u1ea3ng n\u00e0y cung c\u1ea5p \u0111a d\u1ea1ng c\u00e1c m\u00f4n th\u1ec3 thao, tr\u00f2 ch\u01a1i s\u00f2ng b\u1ea1c v\u00e0 c\u00e1 c\u01b0\u1ee3c, c\u00f9ng v\u1edbi h\u1ec7 th\u1ed1ng thanh to\u00e1n an to\u00e0n v\u00e0 d\u1ecbch v\u1ee5 h\u1ed7 tr\u1ee3 kh\u00e1ch h\u00e0ng 24\/7!\",\"breadcrumb\":{\"@id\":\"https:\/\/22bet.spot\/vi\/#breadcrumb\"},\"inLanguage\":\"vi\",\"potentialAction\":[{\"@type\":\"ReadAction\",\"target\":[\"https:\/\/22bet.spot\/vi\/\"]}]},{\"@type\":\"BreadcrumbList\",\"@id\":\"https:\/\/22bet.spot\/vi\/#breadcrumb\",\"itemListElement\":[{\"@type\":\"ListItem\",\"position\":1,\"name\":\"Home\",\"item\":\"https:\/\/22bet.spot\/vi\/\"},{\"@type\":\"ListItem\",\"position\":2,\"name\":\"Trang ch\u1ee7\"}]},{\"@type\":\"WebSite\",\"@id\":\"https:\/\/22bet.spot\/vi\/#website\",\"url\":\"https:\/\/22bet.spot\/vi\/\",\"name\":\"22Bet Spot VN\",\"description\":\"\",\"potentialAction\":[{\"@type\":\"SearchAction\",\"target\":{\"@type\":\"EntryPoint\",\"urlTemplate\":\"https:\/\/22bet.spot\/vi\/?s={search_term_string}\"},\"query-input\":{\"@type\":\"PropertyValueSpecification\",\"valueRequired\":true,\"valueName\":\"search_term_string\"}}],\"inLanguage\":\"vi\"}]}<\/script>\n<!-- \/ Yoast SEO plugin. -->","yoast_head_json":{"title":"Nh\u00e0 c\u00e1i v\u00e0 s\u00f2ng b\u1ea1c 22Bet | Ti\u1ec1n th\u01b0\u1edfng 100% l\u00ean \u0111\u1ebfn 3 800 000 VND","description":"22Bet l\u00e0 m\u1ed9t n\u1ec1n t\u1ea3ng c\u00e1 c\u01b0\u1ee3c uy t\u00edn, t\u1eb7ng 100% ti\u1ec1n th\u01b0\u1edfng cho l\u1ea7n n\u1ea1p ti\u1ec1n \u0111\u1ea7u ti\u00ean, t\u1ed1i \u0111a 3 800 000 VND. N\u1ec1n t\u1ea3ng n\u00e0y cung c\u1ea5p \u0111a d\u1ea1ng c\u00e1c m\u00f4n th\u1ec3 thao, tr\u00f2 ch\u01a1i s\u00f2ng b\u1ea1c v\u00e0 c\u00e1 c\u01b0\u1ee3c, c\u00f9ng v\u1edbi h\u1ec7 th\u1ed1ng thanh to\u00e1n an to\u00e0n v\u00e0 d\u1ecbch v\u1ee5 h\u1ed7 tr\u1ee3 kh\u00e1ch h\u00e0ng 24\/7!","robots":{"index":"index","follow":"follow","max-snippet":"max-snippet:-1","max-image-preview":"max-image-preview:large","max-video-preview":"max-video-preview:-1"},"canonical":"https:\/\/22bet.spot\/vi\/","og_locale":"vi_VN","og_type":"article","og_title":"Nh\u00e0 c\u00e1i v\u00e0 s\u00f2ng b\u1ea1c 22Bet | Ti\u1ec1n th\u01b0\u1edfng 100% l\u00ean \u0111\u1ebfn 3 800 000 VND","og_description":"22Bet l\u00e0 m\u1ed9t n\u1ec1n t\u1ea3ng c\u00e1 c\u01b0\u1ee3c uy t\u00edn, t\u1eb7ng 100% ti\u1ec1n th\u01b0\u1edfng cho l\u1ea7n n\u1ea1p ti\u1ec1n \u0111\u1ea7u ti\u00ean, t\u1ed1i \u0111a 3 800 000 VND. N\u1ec1n t\u1ea3ng n\u00e0y cung c\u1ea5p \u0111a d\u1ea1ng c\u00e1c m\u00f4n th\u1ec3 thao, tr\u00f2 ch\u01a1i s\u00f2ng b\u1ea1c v\u00e0 c\u00e1 c\u01b0\u1ee3c, c\u00f9ng v\u1edbi h\u1ec7 th\u1ed1ng thanh to\u00e1n an to\u00e0n v\u00e0 d\u1ecbch v\u1ee5 h\u1ed7 tr\u1ee3 kh\u00e1ch h\u00e0ng 24\/7!","og_url":"https:\/\/22bet.spot\/vi\/","og_site_name":"22Bet Spot VN","article_modified_time":"2026-05-12T13:51:55+00:00","twitter_card":"summary_large_image","schema":{"@context":"https:\/\/schema.org","@graph":[{"@type":"WebPage","@id":"https:\/\/22bet.spot\/vi\/","url":"https:\/\/22bet.spot\/vi\/","name":"Nh\u00e0 c\u00e1i v\u00e0 s\u00f2ng b\u1ea1c 22Bet | Ti\u1ec1n th\u01b0\u1edfng 100% l\u00ean \u0111\u1ebfn 3 800 000 VND","isPartOf":{"@id":"https:\/\/22bet.spot\/vi\/#website"},"datePublished":"2025-08-22T11:28:47+00:00","dateModified":"2026-05-12T13:51:55+00:00","description":"22Bet l\u00e0 m\u1ed9t n\u1ec1n t\u1ea3ng c\u00e1 c\u01b0\u1ee3c uy t\u00edn, t\u1eb7ng 100% ti\u1ec1n th\u01b0\u1edfng cho l\u1ea7n n\u1ea1p ti\u1ec1n \u0111\u1ea7u ti\u00ean, t\u1ed1i \u0111a 3 800 000 VND. N\u1ec1n t\u1ea3ng n\u00e0y cung c\u1ea5p \u0111a d\u1ea1ng c\u00e1c m\u00f4n th\u1ec3 thao, tr\u00f2 ch\u01a1i s\u00f2ng b\u1ea1c v\u00e0 c\u00e1 c\u01b0\u1ee3c, c\u00f9ng v\u1edbi h\u1ec7 th\u1ed1ng thanh to\u00e1n an to\u00e0n v\u00e0 d\u1ecbch v\u1ee5 h\u1ed7 tr\u1ee3 kh\u00e1ch h\u00e0ng 24\/7!","breadcrumb":{"@id":"https:\/\/22bet.spot\/vi\/#breadcrumb"},"inLanguage":"vi","potentialAction":[{"@type":"ReadAction","target":["https:\/\/22bet.spot\/vi\/"]}]},{"@type":"BreadcrumbList","@id":"https:\/\/22bet.spot\/vi\/#breadcrumb","itemListElement":[{"@type":"ListItem","position":1,"name":"Home","item":"https:\/\/22bet.spot\/vi\/"},{"@type":"ListItem","position":2,"name":"Trang ch\u1ee7"}]},{"@type":"WebSite","@id":"https:\/\/22bet.spot\/vi\/#website","url":"https:\/\/22bet.spot\/vi\/","name":"22Bet Spot VN","description":"","potentialAction":[{"@type":"SearchAction","target":{"@type":"EntryPoint","urlTemplate":"https:\/\/22bet.spot\/vi\/?s={search_term_string}"},"query-input":{"@type":"PropertyValueSpecification","valueRequired":true,"valueName":"search_term_string"}}],"inLanguage":"vi"}]}},"_links":{"self":[{"href":"https:\/\/22bet.spot\/vi\/wp-json\/wp\/v2\/pages\/2","targetHints":{"allow":["GET"]}}],"collection":[{"href":"https:\/\/22bet.spot\/vi\/wp-json\/wp\/v2\/pages"}],"about":[{"href":"https:\/\/22bet.spot\/vi\/wp-json\/wp\/v2\/types\/page"}],"author":[{"embeddable":true,"href":"https:\/\/22bet.spot\/vi\/wp-json\/wp\/v2\/users\/1"}],"replies":[{"embeddable":true,"href":"https:\/\/22bet.spot\/vi\/wp-json\/wp\/v2\/comments?post=2"}],"version-history":[{"count":5,"href":"https:\/\/22bet.spot\/vi\/wp-json\/wp\/v2\/pages\/2\/revisions"}],"predecessor-version":[{"id":1216,"href":"https:\/\/22bet.spot\/vi\/wp-json\/wp\/v2\/pages\/2\/revisions\/1216"}],"wp:attachment":[{"href":"https:\/\/22bet.spot\/vi\/wp-json\/wp\/v2\/media?parent=2"}],"curies":[{"name":"wp","href":"https:\/\/api.w.org\/{rel}","templated":true}]}}