{"id":853,"date":"2026-01-12T14:39:34","date_gmt":"2026-01-12T11:39:34","guid":{"rendered":"https:\/\/22bet.spot\/vi\/?page_id=853"},"modified":"2026-05-12T14:44:19","modified_gmt":"2026-05-12T11:44:19","slug":"app","status":"publish","type":"page","link":"https:\/\/22bet.spot\/vi\/app\/","title":{"rendered":"\u1ee8ng d\u1ee5ng"},"content":{"rendered":"","protected":false},"excerpt":{"rendered":"","protected":false},"author":1,"featured_media":0,"parent":0,"menu_order":0,"comment_status":"closed","ping_status":"closed","template":"","meta":{"_acf_changed":false,"footnotes":""},"class_list":["post-853","page","type-page","status-publish","hentry"],"acf":[],"yoast_head":"<!-- This site is optimized with the Yoast SEO plugin v26.7 - https:\/\/yoast.com\/wordpress\/plugins\/seo\/ -->\n<title>\u1ee8ng d\u1ee5ng 22Bet 2026 \u2705 T\u1ea3i \u1ee9ng d\u1ee5ng cho Android v\u00e0 iOS<\/title>\n<meta name=\"description\" content=\"T\u1ea3i xu\u1ed1ng \u1ee9ng d\u1ee5ng 22Bet cho Android v\u00e0 iOS \u2714\ufe0f c\u00e1 c\u01b0\u1ee3c th\u1ec3 thao, s\u00f2ng b\u1ea1c tr\u1ef1c ti\u1ebfp, c\u00e1c ch\u01b0\u01a1ng tr\u00ecnh khuy\u1ebfn m\u00e3i v\u00e0 truy c\u1eadp nhanh v\u00e0o t\u00e0i kho\u1ea3n c\u1ee7a b\u1ea1n. T\u1eadn h\u01b0\u1edfng \u0111\u1ea7y \u0111\u1ee7 c\u00e1c t\u00ednh n\u0103ng c\u1ee7a trang web ngay trong \u1ee9ng d\u1ee5ng di \u0111\u1ed9ng ti\u1ec7n l\u1ee3i ngay b\u00e2y gi\u1edd!\" \/>\n<meta name=\"robots\" content=\"index, follow, max-snippet:-1, max-image-preview:large, max-video-preview:-1\" \/>\n<link rel=\"canonical\" href=\"https:\/\/22bet.spot\/vi\/app\/\" \/>\n<meta property=\"og:locale\" content=\"vi_VN\" \/>\n<meta property=\"og:type\" content=\"article\" \/>\n<meta property=\"og:title\" content=\"\u1ee8ng d\u1ee5ng 22Bet 2026 \u2705 T\u1ea3i \u1ee9ng d\u1ee5ng cho Android v\u00e0 iOS\" \/>\n<meta property=\"og:description\" content=\"T\u1ea3i xu\u1ed1ng \u1ee9ng d\u1ee5ng 22Bet cho Android v\u00e0 iOS \u2714\ufe0f c\u00e1 c\u01b0\u1ee3c th\u1ec3 thao, s\u00f2ng b\u1ea1c tr\u1ef1c ti\u1ebfp, c\u00e1c ch\u01b0\u01a1ng tr\u00ecnh khuy\u1ebfn m\u00e3i v\u00e0 truy c\u1eadp nhanh v\u00e0o t\u00e0i kho\u1ea3n c\u1ee7a b\u1ea1n. T\u1eadn h\u01b0\u1edfng \u0111\u1ea7y \u0111\u1ee7 c\u00e1c t\u00ednh n\u0103ng c\u1ee7a trang web ngay trong \u1ee9ng d\u1ee5ng di \u0111\u1ed9ng ti\u1ec7n l\u1ee3i ngay b\u00e2y gi\u1edd!\" \/>\n<meta property=\"og:url\" content=\"https:\/\/22bet.spot\/vi\/app\/\" \/>\n<meta property=\"og:site_name\" content=\"22Bet Spot VN\" \/>\n<meta property=\"article:modified_time\" content=\"2026-05-12T11:44:19+00:00\" \/>\n<meta name=\"twitter:card\" content=\"summary_large_image\" \/>\n<script type=\"application\/ld+json\" class=\"yoast-schema-graph\">{\"@context\":\"https:\/\/schema.org\",\"@graph\":[{\"@type\":\"WebPage\",\"@id\":\"https:\/\/22bet.spot\/vi\/app\/\",\"url\":\"https:\/\/22bet.spot\/vi\/app\/\",\"name\":\"\u1ee8ng d\u1ee5ng 22Bet 2026 \u2705 T\u1ea3i \u1ee9ng d\u1ee5ng cho Android v\u00e0 iOS\",\"isPartOf\":{\"@id\":\"https:\/\/22bet.spot\/vi\/#website\"},\"datePublished\":\"2026-01-12T11:39:34+00:00\",\"dateModified\":\"2026-05-12T11:44:19+00:00\",\"description\":\"T\u1ea3i xu\u1ed1ng \u1ee9ng d\u1ee5ng 22Bet cho Android v\u00e0 iOS \u2714\ufe0f c\u00e1 c\u01b0\u1ee3c th\u1ec3 thao, s\u00f2ng b\u1ea1c tr\u1ef1c ti\u1ebfp, c\u00e1c ch\u01b0\u01a1ng tr\u00ecnh khuy\u1ebfn m\u00e3i v\u00e0 truy c\u1eadp nhanh v\u00e0o t\u00e0i kho\u1ea3n c\u1ee7a b\u1ea1n. T\u1eadn h\u01b0\u1edfng \u0111\u1ea7y \u0111\u1ee7 c\u00e1c t\u00ednh n\u0103ng c\u1ee7a trang web ngay trong \u1ee9ng d\u1ee5ng di \u0111\u1ed9ng ti\u1ec7n l\u1ee3i ngay b\u00e2y gi\u1edd!\",\"breadcrumb\":{\"@id\":\"https:\/\/22bet.spot\/vi\/app\/#breadcrumb\"},\"inLanguage\":\"vi\",\"potentialAction\":[{\"@type\":\"ReadAction\",\"target\":[\"https:\/\/22bet.spot\/vi\/app\/\"]}]},{\"@type\":\"BreadcrumbList\",\"@id\":\"https:\/\/22bet.spot\/vi\/app\/#breadcrumb\",\"itemListElement\":[{\"@type\":\"ListItem\",\"position\":1,\"name\":\"Home\",\"item\":\"https:\/\/22bet.spot\/vi\/\"},{\"@type\":\"ListItem\",\"position\":2,\"name\":\"\u1ee8ng d\u1ee5ng\"}]},{\"@type\":\"WebSite\",\"@id\":\"https:\/\/22bet.spot\/vi\/#website\",\"url\":\"https:\/\/22bet.spot\/vi\/\",\"name\":\"22Bet Spot VN\",\"description\":\"\",\"potentialAction\":[{\"@type\":\"SearchAction\",\"target\":{\"@type\":\"EntryPoint\",\"urlTemplate\":\"https:\/\/22bet.spot\/vi\/?s={search_term_string}\"},\"query-input\":{\"@type\":\"PropertyValueSpecification\",\"valueRequired\":true,\"valueName\":\"search_term_string\"}}],\"inLanguage\":\"vi\"}]}<\/script>\n<!-- \/ Yoast SEO plugin. -->","yoast_head_json":{"title":"\u1ee8ng d\u1ee5ng 22Bet 2026 \u2705 T\u1ea3i \u1ee9ng d\u1ee5ng cho Android v\u00e0 iOS","description":"T\u1ea3i xu\u1ed1ng \u1ee9ng d\u1ee5ng 22Bet cho Android v\u00e0 iOS \u2714\ufe0f c\u00e1 c\u01b0\u1ee3c th\u1ec3 thao, s\u00f2ng b\u1ea1c tr\u1ef1c ti\u1ebfp, c\u00e1c ch\u01b0\u01a1ng tr\u00ecnh khuy\u1ebfn m\u00e3i v\u00e0 truy c\u1eadp nhanh v\u00e0o t\u00e0i kho\u1ea3n c\u1ee7a b\u1ea1n. T\u1eadn h\u01b0\u1edfng \u0111\u1ea7y \u0111\u1ee7 c\u00e1c t\u00ednh n\u0103ng c\u1ee7a trang web ngay trong \u1ee9ng d\u1ee5ng di \u0111\u1ed9ng ti\u1ec7n l\u1ee3i ngay b\u00e2y gi\u1edd!","robots":{"index":"index","follow":"follow","max-snippet":"max-snippet:-1","max-image-preview":"max-image-preview:large","max-video-preview":"max-video-preview:-1"},"canonical":"https:\/\/22bet.spot\/vi\/app\/","og_locale":"vi_VN","og_type":"article","og_title":"\u1ee8ng d\u1ee5ng 22Bet 2026 \u2705 T\u1ea3i \u1ee9ng d\u1ee5ng cho Android v\u00e0 iOS","og_description":"T\u1ea3i xu\u1ed1ng \u1ee9ng d\u1ee5ng 22Bet cho Android v\u00e0 iOS \u2714\ufe0f c\u00e1 c\u01b0\u1ee3c th\u1ec3 thao, s\u00f2ng b\u1ea1c tr\u1ef1c ti\u1ebfp, c\u00e1c ch\u01b0\u01a1ng tr\u00ecnh khuy\u1ebfn m\u00e3i v\u00e0 truy c\u1eadp nhanh v\u00e0o t\u00e0i kho\u1ea3n c\u1ee7a b\u1ea1n. T\u1eadn h\u01b0\u1edfng \u0111\u1ea7y \u0111\u1ee7 c\u00e1c t\u00ednh n\u0103ng c\u1ee7a trang web ngay trong \u1ee9ng d\u1ee5ng di \u0111\u1ed9ng ti\u1ec7n l\u1ee3i ngay b\u00e2y gi\u1edd!","og_url":"https:\/\/22bet.spot\/vi\/app\/","og_site_name":"22Bet Spot VN","article_modified_time":"2026-05-12T11:44:19+00:00","twitter_card":"summary_large_image","schema":{"@context":"https:\/\/schema.org","@graph":[{"@type":"WebPage","@id":"https:\/\/22bet.spot\/vi\/app\/","url":"https:\/\/22bet.spot\/vi\/app\/","name":"\u1ee8ng d\u1ee5ng 22Bet 2026 \u2705 T\u1ea3i \u1ee9ng d\u1ee5ng cho Android v\u00e0 iOS","isPartOf":{"@id":"https:\/\/22bet.spot\/vi\/#website"},"datePublished":"2026-01-12T11:39:34+00:00","dateModified":"2026-05-12T11:44:19+00:00","description":"T\u1ea3i xu\u1ed1ng \u1ee9ng d\u1ee5ng 22Bet cho Android v\u00e0 iOS \u2714\ufe0f c\u00e1 c\u01b0\u1ee3c th\u1ec3 thao, s\u00f2ng b\u1ea1c tr\u1ef1c ti\u1ebfp, c\u00e1c ch\u01b0\u01a1ng tr\u00ecnh khuy\u1ebfn m\u00e3i v\u00e0 truy c\u1eadp nhanh v\u00e0o t\u00e0i kho\u1ea3n c\u1ee7a b\u1ea1n. T\u1eadn h\u01b0\u1edfng \u0111\u1ea7y \u0111\u1ee7 c\u00e1c t\u00ednh n\u0103ng c\u1ee7a trang web ngay trong \u1ee9ng d\u1ee5ng di \u0111\u1ed9ng ti\u1ec7n l\u1ee3i ngay b\u00e2y gi\u1edd!","breadcrumb":{"@id":"https:\/\/22bet.spot\/vi\/app\/#breadcrumb"},"inLanguage":"vi","potentialAction":[{"@type":"ReadAction","target":["https:\/\/22bet.spot\/vi\/app\/"]}]},{"@type":"BreadcrumbList","@id":"https:\/\/22bet.spot\/vi\/app\/#breadcrumb","itemListElement":[{"@type":"ListItem","position":1,"name":"Home","item":"https:\/\/22bet.spot\/vi\/"},{"@type":"ListItem","position":2,"name":"\u1ee8ng d\u1ee5ng"}]},{"@type":"WebSite","@id":"https:\/\/22bet.spot\/vi\/#website","url":"https:\/\/22bet.spot\/vi\/","name":"22Bet Spot VN","description":"","potentialAction":[{"@type":"SearchAction","target":{"@type":"EntryPoint","urlTemplate":"https:\/\/22bet.spot\/vi\/?s={search_term_string}"},"query-input":{"@type":"PropertyValueSpecification","valueRequired":true,"valueName":"search_term_string"}}],"inLanguage":"vi"}]}},"_links":{"self":[{"href":"https:\/\/22bet.spot\/vi\/wp-json\/wp\/v2\/pages\/853","targetHints":{"allow":["GET"]}}],"collection":[{"href":"https:\/\/22bet.spot\/vi\/wp-json\/wp\/v2\/pages"}],"about":[{"href":"https:\/\/22bet.spot\/vi\/wp-json\/wp\/v2\/types\/page"}],"author":[{"embeddable":true,"href":"https:\/\/22bet.spot\/vi\/wp-json\/wp\/v2\/users\/1"}],"replies":[{"embeddable":true,"href":"https:\/\/22bet.spot\/vi\/wp-json\/wp\/v2\/comments?post=853"}],"version-history":[{"count":5,"href":"https:\/\/22bet.spot\/vi\/wp-json\/wp\/v2\/pages\/853\/revisions"}],"predecessor-version":[{"id":1211,"href":"https:\/\/22bet.spot\/vi\/wp-json\/wp\/v2\/pages\/853\/revisions\/1211"}],"wp:attachment":[{"href":"https:\/\/22bet.spot\/vi\/wp-json\/wp\/v2\/media?parent=853"}],"curies":[{"name":"wp","href":"https:\/\/api.w.org\/{rel}","templated":true}]}}