{"id":880,"date":"2026-01-12T20:09:17","date_gmt":"2026-01-12T17:09:17","guid":{"rendered":"https:\/\/22bet.spot\/vi\/?page_id=880"},"modified":"2026-05-12T14:29:31","modified_gmt":"2026-05-12T11:29:31","slug":"apk","status":"publish","type":"page","link":"https:\/\/22bet.spot\/vi\/apk\/","title":{"rendered":"APK"},"content":{"rendered":"","protected":false},"excerpt":{"rendered":"","protected":false},"author":1,"featured_media":0,"parent":0,"menu_order":0,"comment_status":"closed","ping_status":"closed","template":"","meta":{"_acf_changed":false,"footnotes":""},"class_list":["post-880","page","type-page","status-publish","hentry"],"acf":[],"yoast_head":"<!-- This site is optimized with the Yoast SEO plugin v26.7 - https:\/\/yoast.com\/wordpress\/plugins\/seo\/ -->\n<title>\u1ee8ng d\u1ee5ng 22Bet 2026 \u2705 \u1ee8ng d\u1ee5ng Android ch\u00ednh th\u1ee9c d\u00e0nh cho c\u00e1 c\u01b0\u1ee3c v\u00e0 s\u00f2ng b\u1ea1c<\/title>\n<meta name=\"description\" content=\"T\u1ea3i xu\u1ed1ng APK 22Bet cho Android t\u1eeb trang web ch\u00ednh th\u1ee9c \u2714\ufe0f C\u00e1 c\u01b0\u1ee3c th\u1ec3 thao tr\u1ef1c ti\u1ebfp, h\u00e0ng ngh\u00ecn tr\u00f2 ch\u01a1i slot s\u00f2ng b\u1ea1c, c\u00e1c ch\u01b0\u01a1ng tr\u00ecnh khuy\u1ebfn m\u00e3i v\u00e0 thanh to\u00e1n nhanh ch\u00f3ng. Ch\u01a1i tr\u00ean c\u00e1c thi\u1ebft b\u1ecb Android m\u00e0 kh\u00f4ng c\u00f3 b\u1ea5t k\u1ef3 h\u1ea1n ch\u1ebf n\u00e0o!\" \/>\n<meta name=\"robots\" content=\"index, follow, max-snippet:-1, max-image-preview:large, max-video-preview:-1\" \/>\n<link rel=\"canonical\" href=\"https:\/\/22bet.spot\/vi\/apk\/\" \/>\n<meta property=\"og:locale\" content=\"vi_VN\" \/>\n<meta property=\"og:type\" content=\"article\" \/>\n<meta property=\"og:title\" content=\"\u1ee8ng d\u1ee5ng 22Bet 2026 \u2705 \u1ee8ng d\u1ee5ng Android ch\u00ednh th\u1ee9c d\u00e0nh cho c\u00e1 c\u01b0\u1ee3c v\u00e0 s\u00f2ng b\u1ea1c\" \/>\n<meta property=\"og:description\" content=\"T\u1ea3i xu\u1ed1ng APK 22Bet cho Android t\u1eeb trang web ch\u00ednh th\u1ee9c \u2714\ufe0f C\u00e1 c\u01b0\u1ee3c th\u1ec3 thao tr\u1ef1c ti\u1ebfp, h\u00e0ng ngh\u00ecn tr\u00f2 ch\u01a1i slot s\u00f2ng b\u1ea1c, c\u00e1c ch\u01b0\u01a1ng tr\u00ecnh khuy\u1ebfn m\u00e3i v\u00e0 thanh to\u00e1n nhanh ch\u00f3ng. Ch\u01a1i tr\u00ean c\u00e1c thi\u1ebft b\u1ecb Android m\u00e0 kh\u00f4ng c\u00f3 b\u1ea5t k\u1ef3 h\u1ea1n ch\u1ebf n\u00e0o!\" \/>\n<meta property=\"og:url\" content=\"https:\/\/22bet.spot\/vi\/apk\/\" \/>\n<meta property=\"og:site_name\" content=\"22Bet Spot VN\" \/>\n<meta property=\"article:modified_time\" content=\"2026-05-12T11:29:31+00:00\" \/>\n<meta name=\"twitter:card\" content=\"summary_large_image\" \/>\n<script type=\"application\/ld+json\" class=\"yoast-schema-graph\">{\"@context\":\"https:\/\/schema.org\",\"@graph\":[{\"@type\":\"WebPage\",\"@id\":\"https:\/\/22bet.spot\/vi\/apk\/\",\"url\":\"https:\/\/22bet.spot\/vi\/apk\/\",\"name\":\"\u1ee8ng d\u1ee5ng 22Bet 2026 \u2705 \u1ee8ng d\u1ee5ng Android ch\u00ednh th\u1ee9c d\u00e0nh cho c\u00e1 c\u01b0\u1ee3c v\u00e0 s\u00f2ng b\u1ea1c\",\"isPartOf\":{\"@id\":\"https:\/\/22bet.spot\/vi\/#website\"},\"datePublished\":\"2026-01-12T17:09:17+00:00\",\"dateModified\":\"2026-05-12T11:29:31+00:00\",\"description\":\"T\u1ea3i xu\u1ed1ng APK 22Bet cho Android t\u1eeb trang web ch\u00ednh th\u1ee9c \u2714\ufe0f C\u00e1 c\u01b0\u1ee3c th\u1ec3 thao tr\u1ef1c ti\u1ebfp, h\u00e0ng ngh\u00ecn tr\u00f2 ch\u01a1i slot s\u00f2ng b\u1ea1c, c\u00e1c ch\u01b0\u01a1ng tr\u00ecnh khuy\u1ebfn m\u00e3i v\u00e0 thanh to\u00e1n nhanh ch\u00f3ng. Ch\u01a1i tr\u00ean c\u00e1c thi\u1ebft b\u1ecb Android m\u00e0 kh\u00f4ng c\u00f3 b\u1ea5t k\u1ef3 h\u1ea1n ch\u1ebf n\u00e0o!\",\"breadcrumb\":{\"@id\":\"https:\/\/22bet.spot\/vi\/apk\/#breadcrumb\"},\"inLanguage\":\"vi\",\"potentialAction\":[{\"@type\":\"ReadAction\",\"target\":[\"https:\/\/22bet.spot\/vi\/apk\/\"]}]},{\"@type\":\"BreadcrumbList\",\"@id\":\"https:\/\/22bet.spot\/vi\/apk\/#breadcrumb\",\"itemListElement\":[{\"@type\":\"ListItem\",\"position\":1,\"name\":\"Home\",\"item\":\"https:\/\/22bet.spot\/vi\/\"},{\"@type\":\"ListItem\",\"position\":2,\"name\":\"APK\"}]},{\"@type\":\"WebSite\",\"@id\":\"https:\/\/22bet.spot\/vi\/#website\",\"url\":\"https:\/\/22bet.spot\/vi\/\",\"name\":\"22Bet Spot VN\",\"description\":\"\",\"potentialAction\":[{\"@type\":\"SearchAction\",\"target\":{\"@type\":\"EntryPoint\",\"urlTemplate\":\"https:\/\/22bet.spot\/vi\/?s={search_term_string}\"},\"query-input\":{\"@type\":\"PropertyValueSpecification\",\"valueRequired\":true,\"valueName\":\"search_term_string\"}}],\"inLanguage\":\"vi\"}]}<\/script>\n<!-- \/ Yoast SEO plugin. -->","yoast_head_json":{"title":"\u1ee8ng d\u1ee5ng 22Bet 2026 \u2705 \u1ee8ng d\u1ee5ng Android ch\u00ednh th\u1ee9c d\u00e0nh cho c\u00e1 c\u01b0\u1ee3c v\u00e0 s\u00f2ng b\u1ea1c","description":"T\u1ea3i xu\u1ed1ng APK 22Bet cho Android t\u1eeb trang web ch\u00ednh th\u1ee9c \u2714\ufe0f C\u00e1 c\u01b0\u1ee3c th\u1ec3 thao tr\u1ef1c ti\u1ebfp, h\u00e0ng ngh\u00ecn tr\u00f2 ch\u01a1i slot s\u00f2ng b\u1ea1c, c\u00e1c ch\u01b0\u01a1ng tr\u00ecnh khuy\u1ebfn m\u00e3i v\u00e0 thanh to\u00e1n nhanh ch\u00f3ng. Ch\u01a1i tr\u00ean c\u00e1c thi\u1ebft b\u1ecb Android m\u00e0 kh\u00f4ng c\u00f3 b\u1ea5t k\u1ef3 h\u1ea1n ch\u1ebf n\u00e0o!","robots":{"index":"index","follow":"follow","max-snippet":"max-snippet:-1","max-image-preview":"max-image-preview:large","max-video-preview":"max-video-preview:-1"},"canonical":"https:\/\/22bet.spot\/vi\/apk\/","og_locale":"vi_VN","og_type":"article","og_title":"\u1ee8ng d\u1ee5ng 22Bet 2026 \u2705 \u1ee8ng d\u1ee5ng Android ch\u00ednh th\u1ee9c d\u00e0nh cho c\u00e1 c\u01b0\u1ee3c v\u00e0 s\u00f2ng b\u1ea1c","og_description":"T\u1ea3i xu\u1ed1ng APK 22Bet cho Android t\u1eeb trang web ch\u00ednh th\u1ee9c \u2714\ufe0f C\u00e1 c\u01b0\u1ee3c th\u1ec3 thao tr\u1ef1c ti\u1ebfp, h\u00e0ng ngh\u00ecn tr\u00f2 ch\u01a1i slot s\u00f2ng b\u1ea1c, c\u00e1c ch\u01b0\u01a1ng tr\u00ecnh khuy\u1ebfn m\u00e3i v\u00e0 thanh to\u00e1n nhanh ch\u00f3ng. Ch\u01a1i tr\u00ean c\u00e1c thi\u1ebft b\u1ecb Android m\u00e0 kh\u00f4ng c\u00f3 b\u1ea5t k\u1ef3 h\u1ea1n ch\u1ebf n\u00e0o!","og_url":"https:\/\/22bet.spot\/vi\/apk\/","og_site_name":"22Bet Spot VN","article_modified_time":"2026-05-12T11:29:31+00:00","twitter_card":"summary_large_image","schema":{"@context":"https:\/\/schema.org","@graph":[{"@type":"WebPage","@id":"https:\/\/22bet.spot\/vi\/apk\/","url":"https:\/\/22bet.spot\/vi\/apk\/","name":"\u1ee8ng d\u1ee5ng 22Bet 2026 \u2705 \u1ee8ng d\u1ee5ng Android ch\u00ednh th\u1ee9c d\u00e0nh cho c\u00e1 c\u01b0\u1ee3c v\u00e0 s\u00f2ng b\u1ea1c","isPartOf":{"@id":"https:\/\/22bet.spot\/vi\/#website"},"datePublished":"2026-01-12T17:09:17+00:00","dateModified":"2026-05-12T11:29:31+00:00","description":"T\u1ea3i xu\u1ed1ng APK 22Bet cho Android t\u1eeb trang web ch\u00ednh th\u1ee9c \u2714\ufe0f C\u00e1 c\u01b0\u1ee3c th\u1ec3 thao tr\u1ef1c ti\u1ebfp, h\u00e0ng ngh\u00ecn tr\u00f2 ch\u01a1i slot s\u00f2ng b\u1ea1c, c\u00e1c ch\u01b0\u01a1ng tr\u00ecnh khuy\u1ebfn m\u00e3i v\u00e0 thanh to\u00e1n nhanh ch\u00f3ng. Ch\u01a1i tr\u00ean c\u00e1c thi\u1ebft b\u1ecb Android m\u00e0 kh\u00f4ng c\u00f3 b\u1ea5t k\u1ef3 h\u1ea1n ch\u1ebf n\u00e0o!","breadcrumb":{"@id":"https:\/\/22bet.spot\/vi\/apk\/#breadcrumb"},"inLanguage":"vi","potentialAction":[{"@type":"ReadAction","target":["https:\/\/22bet.spot\/vi\/apk\/"]}]},{"@type":"BreadcrumbList","@id":"https:\/\/22bet.spot\/vi\/apk\/#breadcrumb","itemListElement":[{"@type":"ListItem","position":1,"name":"Home","item":"https:\/\/22bet.spot\/vi\/"},{"@type":"ListItem","position":2,"name":"APK"}]},{"@type":"WebSite","@id":"https:\/\/22bet.spot\/vi\/#website","url":"https:\/\/22bet.spot\/vi\/","name":"22Bet Spot VN","description":"","potentialAction":[{"@type":"SearchAction","target":{"@type":"EntryPoint","urlTemplate":"https:\/\/22bet.spot\/vi\/?s={search_term_string}"},"query-input":{"@type":"PropertyValueSpecification","valueRequired":true,"valueName":"search_term_string"}}],"inLanguage":"vi"}]}},"_links":{"self":[{"href":"https:\/\/22bet.spot\/vi\/wp-json\/wp\/v2\/pages\/880","targetHints":{"allow":["GET"]}}],"collection":[{"href":"https:\/\/22bet.spot\/vi\/wp-json\/wp\/v2\/pages"}],"about":[{"href":"https:\/\/22bet.spot\/vi\/wp-json\/wp\/v2\/types\/page"}],"author":[{"embeddable":true,"href":"https:\/\/22bet.spot\/vi\/wp-json\/wp\/v2\/users\/1"}],"replies":[{"embeddable":true,"href":"https:\/\/22bet.spot\/vi\/wp-json\/wp\/v2\/comments?post=880"}],"version-history":[{"count":5,"href":"https:\/\/22bet.spot\/vi\/wp-json\/wp\/v2\/pages\/880\/revisions"}],"predecessor-version":[{"id":1209,"href":"https:\/\/22bet.spot\/vi\/wp-json\/wp\/v2\/pages\/880\/revisions\/1209"}],"wp:attachment":[{"href":"https:\/\/22bet.spot\/vi\/wp-json\/wp\/v2\/media?parent=880"}],"curies":[{"name":"wp","href":"https:\/\/api.w.org\/{rel}","templated":true}]}}