{"id":932,"date":"2026-01-13T14:24:28","date_gmt":"2026-01-13T11:24:28","guid":{"rendered":"https:\/\/22bet.spot\/vi\/?page_id=932"},"modified":"2026-05-12T16:08:24","modified_gmt":"2026-05-12T13:08:24","slug":"casino","status":"publish","type":"page","link":"https:\/\/22bet.spot\/vi\/casino\/","title":{"rendered":"S\u00f2ng b\u1ea1c"},"content":{"rendered":"","protected":false},"excerpt":{"rendered":"","protected":false},"author":1,"featured_media":0,"parent":0,"menu_order":0,"comment_status":"closed","ping_status":"closed","template":"","meta":{"_acf_changed":false,"footnotes":""},"class_list":["post-932","page","type-page","status-publish","hentry"],"acf":[],"yoast_head":"<!-- This site is optimized with the Yoast SEO plugin v26.7 - https:\/\/yoast.com\/wordpress\/plugins\/seo\/ -->\n<title>S\u00f2ng b\u1ea1c 22Bet 2026 \u2714\ufe0f tr\u00f2 ch\u01a1i, ph\u1ea7n th\u01b0\u1edfng v\u00e0 nh\u1eefng tr\u1ea3i nghi\u1ec7m gi\u1ea3i tr\u00ed tuy\u1ec7t v\u1eddi nh\u1ea5t<\/title>\n<meta name=\"description\" content=\"Ch\u01a1i t\u1ea1i s\u00f2ng b\u1ea1c 22Bet \u2705 v\u1edbi h\u00e0ng ngh\u00ecn tr\u00f2 ch\u01a1i slot v\u00e0 tr\u00f2 ch\u01a1i tr\u1ef1c ti\u1ebfp, nh\u1eadn ngay 100% ti\u1ec1n th\u01b0\u1edfng ch\u00e0o m\u1eebng cho l\u1ea7n n\u1ea1p ti\u1ec1n \u0111\u1ea7u ti\u00ean c\u00f9ng c\u00e1c ch\u01b0\u01a1ng tr\u00ecnh khuy\u1ebfn m\u00e3i th\u01b0\u1eddng xuy\u00ean. H\u00e3y t\u1eadn h\u01b0\u1edfng nh\u1eefng tr\u1ea3i nghi\u1ec7m gi\u1ea3i tr\u00ed c\u00e1 c\u01b0\u1ee3c tuy\u1ec7t v\u1eddi nh\u1ea5t tr\u00ean m\u00e1y t\u00ednh v\u00e0 \u0111i\u1ec7n tho\u1ea1i th\u00f4ng minh c\u1ee7a b\u1ea1n!\" \/>\n<meta name=\"robots\" content=\"index, follow, max-snippet:-1, max-image-preview:large, max-video-preview:-1\" \/>\n<link rel=\"canonical\" href=\"https:\/\/22bet.spot\/vi\/casino\/\" \/>\n<meta property=\"og:locale\" content=\"vi_VN\" \/>\n<meta property=\"og:type\" content=\"article\" \/>\n<meta property=\"og:title\" content=\"S\u00f2ng b\u1ea1c 22Bet 2026 \u2714\ufe0f tr\u00f2 ch\u01a1i, ph\u1ea7n th\u01b0\u1edfng v\u00e0 nh\u1eefng tr\u1ea3i nghi\u1ec7m gi\u1ea3i tr\u00ed tuy\u1ec7t v\u1eddi nh\u1ea5t\" \/>\n<meta property=\"og:description\" content=\"Ch\u01a1i t\u1ea1i s\u00f2ng b\u1ea1c 22Bet \u2705 v\u1edbi h\u00e0ng ngh\u00ecn tr\u00f2 ch\u01a1i slot v\u00e0 tr\u00f2 ch\u01a1i tr\u1ef1c ti\u1ebfp, nh\u1eadn ngay 100% ti\u1ec1n th\u01b0\u1edfng ch\u00e0o m\u1eebng cho l\u1ea7n n\u1ea1p ti\u1ec1n \u0111\u1ea7u ti\u00ean c\u00f9ng c\u00e1c ch\u01b0\u01a1ng tr\u00ecnh khuy\u1ebfn m\u00e3i th\u01b0\u1eddng xuy\u00ean. H\u00e3y t\u1eadn h\u01b0\u1edfng nh\u1eefng tr\u1ea3i nghi\u1ec7m gi\u1ea3i tr\u00ed c\u00e1 c\u01b0\u1ee3c tuy\u1ec7t v\u1eddi nh\u1ea5t tr\u00ean m\u00e1y t\u00ednh v\u00e0 \u0111i\u1ec7n tho\u1ea1i th\u00f4ng minh c\u1ee7a b\u1ea1n!\" \/>\n<meta property=\"og:url\" content=\"https:\/\/22bet.spot\/vi\/casino\/\" \/>\n<meta property=\"og:site_name\" content=\"22Bet Spot VN\" \/>\n<meta property=\"article:modified_time\" content=\"2026-05-12T13:08:24+00:00\" \/>\n<meta name=\"twitter:card\" content=\"summary_large_image\" \/>\n<script type=\"application\/ld+json\" class=\"yoast-schema-graph\">{\"@context\":\"https:\/\/schema.org\",\"@graph\":[{\"@type\":\"WebPage\",\"@id\":\"https:\/\/22bet.spot\/vi\/casino\/\",\"url\":\"https:\/\/22bet.spot\/vi\/casino\/\",\"name\":\"S\u00f2ng b\u1ea1c 22Bet 2026 \u2714\ufe0f tr\u00f2 ch\u01a1i, ph\u1ea7n th\u01b0\u1edfng v\u00e0 nh\u1eefng tr\u1ea3i nghi\u1ec7m gi\u1ea3i tr\u00ed tuy\u1ec7t v\u1eddi nh\u1ea5t\",\"isPartOf\":{\"@id\":\"https:\/\/22bet.spot\/vi\/#website\"},\"datePublished\":\"2026-01-13T11:24:28+00:00\",\"dateModified\":\"2026-05-12T13:08:24+00:00\",\"description\":\"Ch\u01a1i t\u1ea1i s\u00f2ng b\u1ea1c 22Bet \u2705 v\u1edbi h\u00e0ng ngh\u00ecn tr\u00f2 ch\u01a1i slot v\u00e0 tr\u00f2 ch\u01a1i tr\u1ef1c ti\u1ebfp, nh\u1eadn ngay 100% ti\u1ec1n th\u01b0\u1edfng ch\u00e0o m\u1eebng cho l\u1ea7n n\u1ea1p ti\u1ec1n \u0111\u1ea7u ti\u00ean c\u00f9ng c\u00e1c ch\u01b0\u01a1ng tr\u00ecnh khuy\u1ebfn m\u00e3i th\u01b0\u1eddng xuy\u00ean. H\u00e3y t\u1eadn h\u01b0\u1edfng nh\u1eefng tr\u1ea3i nghi\u1ec7m gi\u1ea3i tr\u00ed c\u00e1 c\u01b0\u1ee3c tuy\u1ec7t v\u1eddi nh\u1ea5t tr\u00ean m\u00e1y t\u00ednh v\u00e0 \u0111i\u1ec7n tho\u1ea1i th\u00f4ng minh c\u1ee7a b\u1ea1n!\",\"breadcrumb\":{\"@id\":\"https:\/\/22bet.spot\/vi\/casino\/#breadcrumb\"},\"inLanguage\":\"vi\",\"potentialAction\":[{\"@type\":\"ReadAction\",\"target\":[\"https:\/\/22bet.spot\/vi\/casino\/\"]}]},{\"@type\":\"BreadcrumbList\",\"@id\":\"https:\/\/22bet.spot\/vi\/casino\/#breadcrumb\",\"itemListElement\":[{\"@type\":\"ListItem\",\"position\":1,\"name\":\"Home\",\"item\":\"https:\/\/22bet.spot\/vi\/\"},{\"@type\":\"ListItem\",\"position\":2,\"name\":\"S\u00f2ng b\u1ea1c\"}]},{\"@type\":\"WebSite\",\"@id\":\"https:\/\/22bet.spot\/vi\/#website\",\"url\":\"https:\/\/22bet.spot\/vi\/\",\"name\":\"22Bet Spot VN\",\"description\":\"\",\"potentialAction\":[{\"@type\":\"SearchAction\",\"target\":{\"@type\":\"EntryPoint\",\"urlTemplate\":\"https:\/\/22bet.spot\/vi\/?s={search_term_string}\"},\"query-input\":{\"@type\":\"PropertyValueSpecification\",\"valueRequired\":true,\"valueName\":\"search_term_string\"}}],\"inLanguage\":\"vi\"}]}<\/script>\n<!-- \/ Yoast SEO plugin. -->","yoast_head_json":{"title":"S\u00f2ng b\u1ea1c 22Bet 2026 \u2714\ufe0f tr\u00f2 ch\u01a1i, ph\u1ea7n th\u01b0\u1edfng v\u00e0 nh\u1eefng tr\u1ea3i nghi\u1ec7m gi\u1ea3i tr\u00ed tuy\u1ec7t v\u1eddi nh\u1ea5t","description":"Ch\u01a1i t\u1ea1i s\u00f2ng b\u1ea1c 22Bet \u2705 v\u1edbi h\u00e0ng ngh\u00ecn tr\u00f2 ch\u01a1i slot v\u00e0 tr\u00f2 ch\u01a1i tr\u1ef1c ti\u1ebfp, nh\u1eadn ngay 100% ti\u1ec1n th\u01b0\u1edfng ch\u00e0o m\u1eebng cho l\u1ea7n n\u1ea1p ti\u1ec1n \u0111\u1ea7u ti\u00ean c\u00f9ng c\u00e1c ch\u01b0\u01a1ng tr\u00ecnh khuy\u1ebfn m\u00e3i th\u01b0\u1eddng xuy\u00ean. H\u00e3y t\u1eadn h\u01b0\u1edfng nh\u1eefng tr\u1ea3i nghi\u1ec7m gi\u1ea3i tr\u00ed c\u00e1 c\u01b0\u1ee3c tuy\u1ec7t v\u1eddi nh\u1ea5t tr\u00ean m\u00e1y t\u00ednh v\u00e0 \u0111i\u1ec7n tho\u1ea1i th\u00f4ng minh c\u1ee7a b\u1ea1n!","robots":{"index":"index","follow":"follow","max-snippet":"max-snippet:-1","max-image-preview":"max-image-preview:large","max-video-preview":"max-video-preview:-1"},"canonical":"https:\/\/22bet.spot\/vi\/casino\/","og_locale":"vi_VN","og_type":"article","og_title":"S\u00f2ng b\u1ea1c 22Bet 2026 \u2714\ufe0f tr\u00f2 ch\u01a1i, ph\u1ea7n th\u01b0\u1edfng v\u00e0 nh\u1eefng tr\u1ea3i nghi\u1ec7m gi\u1ea3i tr\u00ed tuy\u1ec7t v\u1eddi nh\u1ea5t","og_description":"Ch\u01a1i t\u1ea1i s\u00f2ng b\u1ea1c 22Bet \u2705 v\u1edbi h\u00e0ng ngh\u00ecn tr\u00f2 ch\u01a1i slot v\u00e0 tr\u00f2 ch\u01a1i tr\u1ef1c ti\u1ebfp, nh\u1eadn ngay 100% ti\u1ec1n th\u01b0\u1edfng ch\u00e0o m\u1eebng cho l\u1ea7n n\u1ea1p ti\u1ec1n \u0111\u1ea7u ti\u00ean c\u00f9ng c\u00e1c ch\u01b0\u01a1ng tr\u00ecnh khuy\u1ebfn m\u00e3i th\u01b0\u1eddng xuy\u00ean. H\u00e3y t\u1eadn h\u01b0\u1edfng nh\u1eefng tr\u1ea3i nghi\u1ec7m gi\u1ea3i tr\u00ed c\u00e1 c\u01b0\u1ee3c tuy\u1ec7t v\u1eddi nh\u1ea5t tr\u00ean m\u00e1y t\u00ednh v\u00e0 \u0111i\u1ec7n tho\u1ea1i th\u00f4ng minh c\u1ee7a b\u1ea1n!","og_url":"https:\/\/22bet.spot\/vi\/casino\/","og_site_name":"22Bet Spot VN","article_modified_time":"2026-05-12T13:08:24+00:00","twitter_card":"summary_large_image","schema":{"@context":"https:\/\/schema.org","@graph":[{"@type":"WebPage","@id":"https:\/\/22bet.spot\/vi\/casino\/","url":"https:\/\/22bet.spot\/vi\/casino\/","name":"S\u00f2ng b\u1ea1c 22Bet 2026 \u2714\ufe0f tr\u00f2 ch\u01a1i, ph\u1ea7n th\u01b0\u1edfng v\u00e0 nh\u1eefng tr\u1ea3i nghi\u1ec7m gi\u1ea3i tr\u00ed tuy\u1ec7t v\u1eddi nh\u1ea5t","isPartOf":{"@id":"https:\/\/22bet.spot\/vi\/#website"},"datePublished":"2026-01-13T11:24:28+00:00","dateModified":"2026-05-12T13:08:24+00:00","description":"Ch\u01a1i t\u1ea1i s\u00f2ng b\u1ea1c 22Bet \u2705 v\u1edbi h\u00e0ng ngh\u00ecn tr\u00f2 ch\u01a1i slot v\u00e0 tr\u00f2 ch\u01a1i tr\u1ef1c ti\u1ebfp, nh\u1eadn ngay 100% ti\u1ec1n th\u01b0\u1edfng ch\u00e0o m\u1eebng cho l\u1ea7n n\u1ea1p ti\u1ec1n \u0111\u1ea7u ti\u00ean c\u00f9ng c\u00e1c ch\u01b0\u01a1ng tr\u00ecnh khuy\u1ebfn m\u00e3i th\u01b0\u1eddng xuy\u00ean. H\u00e3y t\u1eadn h\u01b0\u1edfng nh\u1eefng tr\u1ea3i nghi\u1ec7m gi\u1ea3i tr\u00ed c\u00e1 c\u01b0\u1ee3c tuy\u1ec7t v\u1eddi nh\u1ea5t tr\u00ean m\u00e1y t\u00ednh v\u00e0 \u0111i\u1ec7n tho\u1ea1i th\u00f4ng minh c\u1ee7a b\u1ea1n!","breadcrumb":{"@id":"https:\/\/22bet.spot\/vi\/casino\/#breadcrumb"},"inLanguage":"vi","potentialAction":[{"@type":"ReadAction","target":["https:\/\/22bet.spot\/vi\/casino\/"]}]},{"@type":"BreadcrumbList","@id":"https:\/\/22bet.spot\/vi\/casino\/#breadcrumb","itemListElement":[{"@type":"ListItem","position":1,"name":"Home","item":"https:\/\/22bet.spot\/vi\/"},{"@type":"ListItem","position":2,"name":"S\u00f2ng b\u1ea1c"}]},{"@type":"WebSite","@id":"https:\/\/22bet.spot\/vi\/#website","url":"https:\/\/22bet.spot\/vi\/","name":"22Bet Spot VN","description":"","potentialAction":[{"@type":"SearchAction","target":{"@type":"EntryPoint","urlTemplate":"https:\/\/22bet.spot\/vi\/?s={search_term_string}"},"query-input":{"@type":"PropertyValueSpecification","valueRequired":true,"valueName":"search_term_string"}}],"inLanguage":"vi"}]}},"_links":{"self":[{"href":"https:\/\/22bet.spot\/vi\/wp-json\/wp\/v2\/pages\/932","targetHints":{"allow":["GET"]}}],"collection":[{"href":"https:\/\/22bet.spot\/vi\/wp-json\/wp\/v2\/pages"}],"about":[{"href":"https:\/\/22bet.spot\/vi\/wp-json\/wp\/v2\/types\/page"}],"author":[{"embeddable":true,"href":"https:\/\/22bet.spot\/vi\/wp-json\/wp\/v2\/users\/1"}],"replies":[{"embeddable":true,"href":"https:\/\/22bet.spot\/vi\/wp-json\/wp\/v2\/comments?post=932"}],"version-history":[{"count":5,"href":"https:\/\/22bet.spot\/vi\/wp-json\/wp\/v2\/pages\/932\/revisions"}],"predecessor-version":[{"id":1215,"href":"https:\/\/22bet.spot\/vi\/wp-json\/wp\/v2\/pages\/932\/revisions\/1215"}],"wp:attachment":[{"href":"https:\/\/22bet.spot\/vi\/wp-json\/wp\/v2\/media?parent=932"}],"curies":[{"name":"wp","href":"https:\/\/api.w.org\/{rel}","templated":true}]}}